{"id":7657,"date":"2022-06-03T08:06:50","date_gmt":"2022-06-03T08:06:50","guid":{"rendered":"https:\/\/daisyhomesalanya.com\/?page_id=7657"},"modified":"2022-11-14T15:29:56","modified_gmt":"2022-11-14T15:29:56","slug":"%d1%80%d1%83%d1%81%d1%81%d0%ba%d0%b8%d0%b9-%d0%b2%d0%be%d0%bf%d1%80%d0%be%d1%81%d1%8b","status":"publish","type":"page","link":"https:\/\/daisyhomesalanya.com\/tr\/%d1%80%d1%83%d1%81%d1%81%d0%ba%d0%b8%d0%b9-%d0%b2%d0%be%d0%bf%d1%80%d0%be%d1%81%d1%8b\/","title":{"rendered":"SORULAR"},"content":{"rendered":"<p>[vc_row][vc_column][vc_empty_space height=&#8221;90px&#8221;][vc_text_separator title=&#8221;SORULAR&#8221; title_align=&#8221;separator_align_left&#8221; align=&#8221;align_right&#8221; color=&#8221;mulled_wine&#8221; border_width=&#8221;2&#8243;][vc_tta_tour][vc_tta_section title=&#8221;Her \u015fey&#8221; tab_id=&#8221;1654243408970-e907ed33-f773&#8243;][vc_toggle title=&#8221;G\u0131da Fiyatlar\u0131&#8221;]Meyve ve sebzeler: kay\u0131s\u0131 10 lira, portakal 6 lira, karpuz 4 lira, muz 10 lira, kavun 3-7 lira, \u00e7ilek 10 lira, havu\u00e7 4 lira, salatal\u0131k 2 lira, domates 3-4 lira, elma 2-4 lira.<\/p>\n<p>Et fiyatlar\u0131: tavuk 15 kg, dana eti 60-80 liret, kuzu eti 50-60 lira. Ekmek 2-6 liret.<\/p>\n<p>S\u00fct 3-7 lira, kefir 6-7 lira, yo\u011furt 3-6 lira.<\/p>\n<p>Su 2-5 lira. Kahve 5-6 lira. \u00c7ay 3-5 lira.<\/p>\n<p>Ayr\u0131nt\u0131lar bu makalede bulunabilir.[\/vc_toggle][vc_toggle title=&#8221;Projeden sat\u0131n ald\u0131\u011f\u0131m eve ne zaman ta\u015f\u0131nabilirim?&#8221;]\u0130n\u015faat\u0131n tamamlanmas\u0131ndan sonra. Bu yeni bir kompleks ise tam veya k\u0131smi \u00f6deme yaparak (\u00e7o\u011funlukla, s\u00f6zle\u015fmede aksi belirtilmedik\u00e7e, maliyetin en az %50&#8217;si) ta\u015f\u0131nabilirsiniz.[\/vc_toggle][vc_toggle title=&#8221;T\u00fcrkiye&#8217;de arabaya ihtiyac\u0131m var m\u0131?&#8221;]\u015eehirler i\u00e7inde oldu\u011fu kadar \u015fehirler aras\u0131nda da iyi ula\u015f\u0131m ba\u011flant\u0131lar\u0131 sayesinde, araba kullanmadan g\u00fcvenle dola\u015fabilirsiniz. Ancak ihtiya\u00e7 olursa hem ara\u00e7 sat\u0131n alabilir hem de kiralayabilirsiniz.[\/vc_toggle][vc_toggle title=&#8221;T\u00fcrkiye&#8217;de m\u00fclk sat\u0131n almak i\u00e7in \u00fclkemde herhangi bir belge sunmam gerekiyor mu?&#8221;]Hay\u0131r. T\u00fcrkiye, al\u0131c\u0131 veya yat\u0131r\u0131mc\u0131lar\u0131 hakk\u0131nda hi\u00e7bir bilgiyi \u00fc\u00e7\u00fcnc\u00fc \u015fah\u0131slara a\u00e7\u0131klamamaktad\u0131r.<\/p>\n<p>\u00d6zel m\u00fclk sahibi olma hakk\u0131n\u0131n onaylanmas\u0131 hakk\u0131nda daha fazla bilgiyi buradan okuyun.[\/vc_toggle][vc_toggle title=&#8221;Gayrimenkul\u00fcm\u00fc kiraya verebilir miyim?&#8221;]Evet. Evinizde kal\u0131c\u0131 olarak ikamet etmiyorsan\u0131z, siz uzaktayken m\u00fclk\u00fc kiralamak bir gelir kayna\u011f\u0131d\u0131r. Ya da sadece kiral\u0131k daire sat\u0131n alabilirsiniz. Firmam\u0131z kiralaman\u0131n t\u00fcm y\u00f6netimini \u00fcstlenmektedir.[\/vc_toggle][vc_toggle title=&#8221;T\u00fcrkiye&#8217;de birden fazla m\u00fclk sat\u0131n alabilir miyim?&#8221;]Evet, sat\u0131n al\u0131nan m\u00fclklerin say\u0131s\u0131nda herhangi bir k\u0131s\u0131tlama yoktur.[\/vc_toggle][vc_toggle title=&#8221;Ben yokken m\u00fclk\u00fcm\u00fc kim kontrol edecek?&#8221;]<\/p>\n<p class=\"selectable-text copyable-text\"><span class=\"selectable-text copyable-text\">Siz yokken firmam\u0131z\u0131n sat\u0131\u015f sonras\u0131 hizmetini kullanabilirsiniz, ayr\u0131ca T\u00fcrkiye&#8217;deki her komplekste, g\u00f6revleri komplekse bakmak da dahil olmak \u00fczere, m\u00fclk\u00fcn\u00fcze bakabilecek bir kap\u0131c\u0131 vard\u0131r.<\/span><\/p>\n<p>[\/vc_toggle][vc_toggle title=&#8221;\u00c7ocu\u011fumu T\u00fcrkiye&#8217;de bir okula kaydettirebilir miyim?&#8221;]Evet. Oturma izni ald\u0131ktan sonra \u00e7ocuklar\u0131n\u0131z\u0131 T\u00fcrkiye&#8217;de hem \u00f6zel hem de devlet okullar\u0131na yerle\u015ftirebilirsiniz.[\/vc_toggle][vc_toggle title=&#8221;T\u00fcrkiye&#8217;de m\u00fclk sat\u0131n almak i\u00e7in oturma iznine ihtiyac\u0131m var m\u0131?&#8221;]Hay\u0131r, sat\u0131n almak i\u00e7in sadece pasaportunuza ihtiyac\u0131n\u0131z var. \u0130ste\u011fe ba\u011fl\u0131 olarak oturma izni verilir, vizeli bir \u015fekilde turist olarak gelebilirsiniz. Daha uzun s\u00fcre kalmay\u0131 planl\u0131yorsan\u0131z, oturma izni ba\u015fvurusunda bulunman\u0131z gerekir.[\/vc_toggle][vc_toggle title=&#8221;T\u00fcrkiye&#8217;de nas\u0131l m\u00fclk sat\u0131n alabilirim?&#8221;]<\/p>\n<p class=\"selectable-text copyable-text\"><span class=\"selectable-text copyable-text\">Bundan sonra, gayrimenkul se\u00e7imi (iste\u011finiz \u00fczerine) ile ilgili \u00e7evrimi\u00e7i bir yaz\u0131\u015fma \u00e7al\u0131\u015fmas\u0131 var. O zaman T\u00fcrkiye&#8217;ye gelmeniz, m\u00fclkleri yerinde g\u00f6rmeniz, karar vermeniz, ard\u0131ndan sat\u0131\u015f s\u00f6zle\u015fmesi yapman\u0131z, size uygun bir \u015fekilde \u00f6deme yapman\u0131z, ard\u0131ndan TAPU (m\u00fclkiyet belgesi) alman\u0131z gerekiyor. . TAPU&#8217;yu almak i\u00e7in \u015fahsen bulunman\u0131z veya noter veya konsoloslu\u011fa vekaletname b\u0131rakman\u0131z gerekir.<\/span><\/p>\n<p>Daha detayl\u0131 bilgi i\u00e7in yaz\u0131m\u0131z\u0131 okuman\u0131z\u0131 tavsiye ederiz. <a title=\"\u041f\u0440\u043e\u0446\u0435\u0441\u0441 \u043f\u043e\u043a\u0443\u043f\u043a\u0438 \u043d\u0435\u0434\u0432\u0438\u0436\u0438\u043c\u043e\u0441\u0442\u0438 \u0432 \u0422\u0443\u0440\u0446\u0438\u0438\" href=\"https:\/\/daisyhomesalanya.com\/tr\/%d0%bf%d1%80%d0%be%d1%86%d0%b5%d0%b4%d1%83%d1%80%d0%b0-%d0%bf%d0%be%d0%ba%d1%83%d0%bf%d0%ba%d0%b8-%d0%bd%d0%b5%d0%b4%d0%b2%d0%b8%d0%b6%d0%b8%d0%bc%d0%be%d1%81%d1%82%d0%b8-%d0%b2-%d1%82%d1%83%d1%80\/\" target=\"_blank\" rel=\"noopener\">Yaz\u0131m\u0131z<\/a>[\/vc_toggle][vc_toggle title=&#8221;Sa\u011fl\u0131k sigortas\u0131 yapt\u0131rmam gerekir mi?&#8221;]K\u0131sa bir s\u00fcreli\u011fine ziyaret etmeyi planl\u0131yorsan\u0131z, \u00fclkenizde seyahat sigortas\u0131 yapt\u0131rabilirsiniz. Daha uzun bir s\u00fcre i\u00e7in, oturma izni al\u0131nd\u0131ktan sonra sa\u011fl\u0131k sigortas\u0131 d\u00fczenlenir.[\/vc_toggle][vc_toggle title=&#8221;T\u00fcrkiye&#8217;de sa\u011fl\u0131k sistemi nas\u0131l?&#8221;]T\u00fcrkiye&#8217;de t\u0131p, \u00f6ncelikle sa\u011flanan t\u0131bbi hizmetlerin y\u00fcksek kalitesi ile ay\u0131rt edilir. Hastaneler, kamu ve \u00f6zel olarak ayr\u0131lm\u0131\u015ft\u0131r, hepsi g\u00fcler y\u00fczl\u00fc, y\u00fcksek nitelikli personel, en son t\u0131bbi ekipman. T\u00fcrkiye sa\u011fl\u0131kta d\u00fcnya liderlerinden biridir. \u00c7o\u011fu hastanenin Rus sigorta \u015firketleriyle anla\u015fmas\u0131 vard\u0131r.<\/p>\n<p>Ayr\u0131nt\u0131lar\u0131 <a title=\"\u0416\u0438\u0437\u043d\u044c \u0432 \u0422\u0443\u0440\u0446\u0438\u0438 \u0441 \u0412\u041d\u0416 \u0432 2021 \u0433\u043e\u0434\u0443: \u043a\u0430\u043a\u0438\u0435 \u043f\u0440\u0435\u0438\u043c\u0443\u0449\u0435\u0441\u0442\u0432\u0430 \u0434\u043b\u044f \u0438\u043d\u043e\u0441\u0442\u0440\u0430\u043d\u0446\u0430\" href=\"https:\/\/daisyhomesalanya.com\/tr\/buying-apartment-in-alanya\/hospital-in-turkey\/\" target=\"_blank\" rel=\"noopener\">buradan<\/a> okuyabilirsiniz.[\/vc_toggle][vc_toggle title=&#8221;T\u00fcrkler yabanc\u0131lara nas\u0131l davran\u0131yor?&#8221;]Tarihsel olarak, T\u00fcrkler her zaman b\u00fcy\u00fck bir sayg\u0131yla misafir kabul ettiler, bu y\u00fczden yabanc\u0131lara burada misafir muamelesi yap\u0131l\u0131r.. Burada herhangi bir milliyet\u00e7ilik veya \u00f6nyarg\u0131 bulamazs\u0131n\u0131z.<\/p>\n<p>Ayr\u0131ca burada yabanc\u0131 olman\u0131n bazen T\u00fcrk olmaktan daha karl\u0131 oldu\u011funu s\u00f6yleyebiliriz, \u00e7\u00fcnk\u00fc baz\u0131 konularda her zaman anlay\u0131\u015fla kar\u015f\u0131lanacaklar, yerel ilkeleri bilmedi\u011finiz i\u00e7in bir kez daha yard\u0131mc\u0131 olacaklar, her \u015feyi a\u00e7\u0131klayacaklar ve a\u00e7\u0131klayacaklar. \u015eunu da belirtmek isterim ki Rus dili art\u0131k T\u00fcrkiye&#8217;nin tatil beldesinde \u00e7ok yayg\u0131n.[\/vc_toggle][\/vc_tta_section][vc_tta_section title=&#8221;Oturma \u0130zni ve Vatanda\u015fl\u0131k Hakk\u0131nda&#8221; tab_id=&#8221;1654243409007-fbe9a5e2-7f41&#8243;][\/vc_tta_section][vc_tta_section title=&#8221;Gayrimenkul Hakk\u0131nda&#8221; tab_id=&#8221;1654243501075-7f0286b3-cb19&#8243;][vc_toggle title=&#8221;Sat\u0131n ald\u0131\u011f\u0131m daireye ne zaman ta\u015f\u0131nabilirim?&#8221;]\u0130n\u015faat\u0131n tamamlanmas\u0131ndan sonra. Bu yeni bir kompleks ise tam veya k\u0131smi \u00f6deme yaparak (\u00e7o\u011funlukla, s\u00f6zle\u015fmede aksi belirtilmedik\u00e7e, maliyetin en az %50&#8217;si) ta\u015f\u0131nabilirsiniz.[\/vc_toggle][vc_toggle title=&#8221;T\u00fcrkiye&#8217;de m\u00fclk sat\u0131n almak i\u00e7in \u00fclkemde herhangi bir belge sunmam gerekiyor mu?&#8221;]Hay\u0131r. T\u00fcrkiye, al\u0131c\u0131 veya yat\u0131r\u0131mc\u0131lar\u0131 hakk\u0131nda hi\u00e7bir bilgiyi \u00fc\u00e7\u00fcnc\u00fc \u015fah\u0131slara a\u00e7\u0131klamamaktad\u0131r.<\/p>\n<p>\u00d6zel m\u00fclk hakk\u0131nda <a title=\"\u0422\u0410\u041f\u0423 \u0432 \u0422\u0443\u0440\u0446\u0438\u0438: \u043e\u0447\u0435\u043d\u044c \u0432\u0430\u0436\u043d\u044b\u0439 \u0434\u043e\u043a\u0443\u043c\u0435\u043d\u0442 \u043f\u0440\u0438 \u043f\u043e\u043a\u0443\u043f\u043a\u0435 \u043d\u0435\u0434\u0432\u0438\u0436\u0438\u043c\u043e\u0441\u0442\u0438\" href=\"https:\/\/daisyhomesalanya.com\/tr\/%d0%bf%d1%80%d0%be%d1%86%d0%b5%d0%b4%d1%83%d1%80%d0%b0-%d0%bf%d0%be%d0%ba%d1%83%d0%bf%d0%ba%d0%b8-%d0%bd%d0%b5%d0%b4%d0%b2%d0%b8%d0%b6%d0%b8%d0%bc%d0%be%d1%81%d1%82%d0%b8-%d0%b2-%d1%82%d1%83%d1%80\/\" target=\"_blank\" rel=\"noopener\">buradan<\/a>\u00a0daha fazla bilgi edinin.[\/vc_toggle][vc_toggle title=&#8221;Gayrimenkul\u00fcm\u00fc kiraya verebilir miyim?&#8221;]Evet. Evinizde kal\u0131c\u0131 olarak ikamet etmiyorsan\u0131z, uzaktayken m\u00fclk\u00fc kiralamak bir gelir kayna\u011f\u0131d\u0131r. Ya da sadece kiral\u0131k daire sat\u0131n alabilirsiniz. Firmam\u0131z kiralaman\u0131n t\u00fcm y\u00f6netimini \u00fcstlenmektedir.[\/vc_toggle][vc_toggle title=&#8221;T\u00fcrkiye&#8217;de birden fazla m\u00fclk sat\u0131n alabilir miyim?&#8221;]Evet, sat\u0131n al\u0131nan m\u00fclklerin say\u0131s\u0131nda herhangi bir k\u0131s\u0131tlama yoktur.[\/vc_toggle][vc_toggle title=&#8221;T\u00fcrkiye&#8217;de birden fazla m\u00fclk sat\u0131n alabilir miyim?&#8221;]Evet, sat\u0131n al\u0131nan m\u00fclklerin say\u0131s\u0131nda herhangi bir k\u0131s\u0131tlama yoktur.<\/p>\n<p>[\/vc_toggle][vc_toggle title=&#8221;Yoklu\u011fumda m\u00fclk\u00fcm\u00fc kim kontrol edecek?&#8221;]<\/p>\n<p class=\"selectable-text copyable-text\"><span class=\"selectable-text copyable-text\">Siz yokken firmam\u0131z\u0131n sat\u0131\u015f sonras\u0131 hizmetini kullanabilirsiniz, ayr\u0131ca T\u00fcrkiye&#8217;deki her komplekste, g\u00f6revleri kompleksin bak\u0131m\u0131 da dahil olmak \u00fczere, m\u00fclk\u00fcn\u00fcze bakabilecek bir kap\u0131c\u0131 vard\u0131r.<\/span><\/p>\n<p>[\/vc_toggle][vc_toggle title=&#8221;T\u00fcrkiye&#8217;de m\u00fclk sat\u0131n almak i\u00e7in oturma iznine ihtiyac\u0131m var m\u0131?&#8221;]<span class=\"selectable-text copyable-text\">Hay\u0131r, sat\u0131n almak i\u00e7in sadece pasaportunuza ihtiyac\u0131n\u0131z var. \u0130ste\u011fe ba\u011fl\u0131 olarak oturma izni verilir, vize ile turist olarak gelebilirsiniz. Daha uzun s\u00fcre kalmay\u0131 planl\u0131yorsan\u0131z, oturma izni ba\u015fvurusunda bulunman\u0131z gerekir.<\/span>[\/vc_toggle][vc_toggle title=&#8221;T\u00fcrkiye&#8217;de nas\u0131l m\u00fclk sat\u0131n alabilirim?&#8221;]T\u00fcrkiye&#8217;ye gelmeniz, nesneleri yerinde g\u00f6rmeniz, karar vermeniz, ard\u0131ndan sat\u0131\u015f s\u00f6zle\u015fmesi yapman\u0131z, size uygun bir \u015fekilde \u00f6deme yapman\u0131z, ard\u0131ndan TAPU (m\u00fclkiyet belgesi) alman\u0131z gerekiyor. . TAPU&#8217;yu almak i\u00e7in \u015fahsen bulunman\u0131z veya noter veya konsoloslu\u011fa vekaletname b\u0131rakman\u0131z gerekir.<\/p>\n<p>Daha fazlas\u0131n\u0131 <a title=\"\u041f\u0440\u043e\u0446\u0435\u0441\u0441 \u043f\u043e\u043a\u0443\u043f\u043a\u0438 \u043d\u0435\u0434\u0432\u0438\u0436\u0438\u043c\u043e\u0441\u0442\u0438 \u0432 \u0422\u0443\u0440\u0446\u0438\u0438\" href=\"https:\/\/daisyhomesalanya.com\/tr\/%d0%bf%d1%80%d0%be%d1%86%d0%b5%d0%b4%d1%83%d1%80%d0%b0-%d0%bf%d0%be%d0%ba%d1%83%d0%bf%d0%ba%d0%b8-%d0%bd%d0%b5%d0%b4%d0%b2%d0%b8%d0%b6%d0%b8%d0%bc%d0%be%d1%81%d1%82%d0%b8-%d0%b2-%d1%82%d1%83%d1%80\/\" target=\"_blank\" rel=\"noopener\">buradan<\/a>\u00a0okuyabilirsiniz.[\/vc_toggle][\/vc_tta_section][vc_tta_section title=&#8221;Ya\u015fam Hakk\u0131nda&#8221; tab_id=&#8221;1654243520507-bf7142fb-b11d&#8221;][vc_toggle title=&#8221;G\u0131da Fiyatlar\u0131&#8221;]Meyve ve sebzeler: kay\u0131s\u0131 10 lira, portakal 6 lira, karpuz 4 lira, muz 10 lira, kavun 3-7 lira, \u00e7ilek 10 lira, havu\u00e7 4 lira, salatal\u0131k 2 lira, domates 3-4 lira, elma 2-4 lira.<\/p>\n<p>Et fiyatlar\u0131: tavuk 15 kg, dana eti 60-80 liret, kuzu eti 50-60 lira. Ekmek 2-6 liret.<\/p>\n<p>S\u00fct 3-7 lira, kefir 6-7 lira, yo\u011furt 3-6 lira.<\/p>\n<p>Su 2-5 lira. Kahve 5-6 lira. \u00c7ay 3-5 lira.[\/vc_toggle][vc_toggle title=&#8221;T\u00fcrkiye&#8217;de arabaya ihtiyac\u0131m var m\u0131?&#8221;]\u015eehirler i\u00e7inde oldu\u011fu kadar \u015fehirler aras\u0131nda da iyi ula\u015f\u0131m ba\u011flant\u0131lar\u0131 sayesinde, araba kullanmadan g\u00fcvenle dola\u015fabilirsiniz. Ancak ihtiya\u00e7 olursa hem ara\u00e7 sat\u0131n alabilir hem de kiralayabilirsiniz.[\/vc_toggle][vc_toggle title=&#8221;\u00c7ocu\u011fumu T\u00fcrkiye&#8217;de bir okula kaydettirebilir miyim?&#8221;]Evet. Oturma izni ald\u0131ktan sonra \u00e7ocuklar\u0131n\u0131z\u0131 T\u00fcrkiye&#8217;de hem \u00f6zel hem de devlet okullar\u0131na yerle\u015ftirebilirsiniz.[\/vc_toggle][vc_toggle title=&#8221;Sa\u011fl\u0131k sigortas\u0131 yapt\u0131rmam gerekir mi?&#8221;]K\u0131sa bir s\u00fcreli\u011fine ziyaret etmeyi planl\u0131yorsan\u0131z, \u00fclkenizde seyahat sigortas\u0131 yapt\u0131rabilirsiniz. Daha uzun bir s\u00fcre i\u00e7in, oturma izni al\u0131nd\u0131ktan sonra sa\u011fl\u0131k sigortas\u0131 d\u00fczenlenir.[\/vc_toggle][vc_toggle title=&#8221;T\u00fcrkiye&#8217;de sa\u011fl\u0131k sistemi nas\u0131l?&#8221;]T\u00fcrkiye&#8217;de t\u0131p, \u00f6ncelikle sa\u011flanan t\u0131bbi hizmetlerin y\u00fcksek kalitesi ile ay\u0131rt edilir. Hastaneler, kamu ve \u00f6zel olarak ayr\u0131lm\u0131\u015ft\u0131r, hepsi g\u00fcler y\u00fczl\u00fc, y\u00fcksek nitelikli personel, en son t\u0131bbi ekipmanlarla donat\u0131lm\u0131\u015ft\u0131r. T\u00fcrkiye sa\u011fl\u0131kta d\u00fcnya liderlerinden biridir. \u00c7o\u011fu hastanenin Rus sigorta \u015firketleriyle anla\u015fmas\u0131 vard\u0131r.<\/p>\n<p><a title=\"\u0416\u0438\u0437\u043d\u044c \u0432 \u0422\u0443\u0440\u0446\u0438\u0438 \u0441 \u0412\u041d\u0416 \u0432 2021 \u0433\u043e\u0434\u0443: \u043a\u0430\u043a\u0438\u0435 \u043f\u0440\u0435\u0438\u043c\u0443\u0449\u0435\u0441\u0442\u0432\u0430 \u0434\u043b\u044f \u0438\u043d\u043e\u0441\u0442\u0440\u0430\u043d\u0446\u0430\" href=\"https:\/\/daisyhomesalanya.com\/tr\/buying-apartment-in-alanya\/hospital-in-turkey\/\" target=\"_blank\" rel=\"noopener\">T\u00fcrkiye&#8217;de sa\u011fl\u0131k sistemi<\/a>.\u00a0 ile ilgili daha fazla ayr\u0131nt\u0131y\u0131 buradan okuyabilirsiniz.[\/vc_toggle][vc_toggle title=&#8221;T\u00fcrkler yabanc\u0131lara nas\u0131l davran\u0131yor?&#8221;]Tarihsel olarak, T\u00fcrkler her zaman b\u00fcy\u00fck bir sayg\u0131yla misafir kabul ettiler bu y\u00fczden yabanc\u0131lara burada Misafir muamelesi yap\u0131l\u0131r. Burada herhangi bir milliyet\u00e7ilik veya \u00f6nyarg\u0131 bulamazs\u0131n\u0131z.<\/p>\n<p>Ayr\u0131ca burada yabanc\u0131 olman\u0131n bazen T\u00fcrk olmaktan daha karl\u0131 oldu\u011funu s\u00f6yleyebiliriz, \u00e7\u00fcnk\u00fc baz\u0131 konularda her zaman anlay\u0131\u015fla kar\u015f\u0131lanacaklar, yerel ilkeleri bilmedi\u011finiz i\u00e7in bir kez daha yard\u0131mc\u0131 olacaklar, her \u015feyi a\u00e7\u0131klayacaklard\u0131r. \u015eunu da belirtmek isteriz ki Rus dili art\u0131k T\u00fcrkiye&#8217;nin tatil beldelerinde \u00e7ok yayg\u0131nd\u0131r.[\/vc_toggle][\/vc_tta_section][vc_tta_section title=&#8221;Di\u011fer Her \u015fey&#8221; tab_id=&#8221;1654243548832-994153ae-3171&#8243;][\/vc_tta_section][\/vc_tta_tour][\/vc_column][\/vc_row][vc_row full_width=&#8221;stretch_row_content_no_spaces&#8221; css=&#8221;.vc_custom_1654172078680{background-image: url(https:\/\/daisyhomesalanya.com\/wp-content\/uploads\/2022\/06\/fon.jpg?id=7591) !important;}&#8221; el_class=&#8221;asking-row&#8221;][vc_column width=&#8221;1\/4&#8243;][vc_empty_space][\/vc_column][vc_column width=&#8221;3\/4&#8243;][vc_row_inner][vc_column_inner width=&#8221;1\/4&#8243;][\/vc_column_inner][vc_column_inner width=&#8221;1\/2&#8243;][vc_column_text]T\u00fcrkiye&#8217;de ev sat\u0131n alma prosed\u00fcr\u00fc hakk\u0131nda hala sorular\u0131n\u0131z m\u0131 var?<\/p>\n<p>\u0130leti\u015fim bilgilerinizi b\u0131rak\u0131n, y\u00f6neticimiz k\u0131sa s\u00fcre i\u00e7inde sizinle ileti\u015fime ge\u00e7ecektir.[\/vc_column_text][vc_btn title=&#8221;Dan\u0131\u015fmanl\u0131k Al&#8221; style=&#8221;custom&#8221; custom_background=&#8221;#81d742&#8243; custom_text=&#8221;#ffffff&#8221; align=&#8221;center&#8221; el_class=&#8221;js-inquiry-toggle js-modal-callmeback&#8221;][\/vc_column_inner][vc_column_inner width=&#8221;1\/4&#8243;][\/vc_column_inner][\/vc_row_inner][\/vc_column][\/vc_row]<\/p>\n","protected":false},"excerpt":{"rendered":"<p>[vc_row][vc_column][vc_empty_space height=&#8221;90px&#8221;][vc_text_separator title=&#8221;SORULAR&#8221; title_align=&#8221;separator_align_left&#8221; align=&#8221;align_right&#8221; color=&#8221;mulled_wine&#8221; border_width=&#8221;2&#8243;][vc_tta_tour][vc_tta_section title=&#8221;Her \u015fey&#8221; tab_id=&#8221;1654243408970-e907ed33-f773&#8243;][vc_toggle title=&#8221;G\u0131da Fiyatlar\u0131&#8221;]Meyve ve sebzeler: kay\u0131s\u0131 10 lira, portakal 6 lira, karpuz 4 lira, muz 10 lira, kavun 3-7 lira, \u00e7ilek 10 lira, havu\u00e7 4 lira, salatal\u0131k 2 lira, domates 3-4 lira, elma 2-4 lira. Et fiyatlar\u0131: tavuk 15 kg, dana eti 60-80 liret, kuzu eti [&hellip;]<\/p>\n","protected":false},"author":5,"featured_media":0,"parent":0,"menu_order":0,"comment_status":"closed","ping_status":"closed","template":"","meta":{"inline_featured_image":false,"footnotes":""},"class_list":["post-7657","page","type-page","status-publish","hentry"],"_links":{"self":[{"href":"https:\/\/daisyhomesalanya.com\/tr\/wp-json\/wp\/v2\/pages\/7657","targetHints":{"allow":["GET"]}}],"collection":[{"href":"https:\/\/daisyhomesalanya.com\/tr\/wp-json\/wp\/v2\/pages"}],"about":[{"href":"https:\/\/daisyhomesalanya.com\/tr\/wp-json\/wp\/v2\/types\/page"}],"author":[{"embeddable":true,"href":"https:\/\/daisyhomesalanya.com\/tr\/wp-json\/wp\/v2\/users\/5"}],"replies":[{"embeddable":true,"href":"https:\/\/daisyhomesalanya.com\/tr\/wp-json\/wp\/v2\/comments?post=7657"}],"version-history":[{"count":5,"href":"https:\/\/daisyhomesalanya.com\/tr\/wp-json\/wp\/v2\/pages\/7657\/revisions"}],"predecessor-version":[{"id":17971,"href":"https:\/\/daisyhomesalanya.com\/tr\/wp-json\/wp\/v2\/pages\/7657\/revisions\/17971"}],"wp:attachment":[{"href":"https:\/\/daisyhomesalanya.com\/tr\/wp-json\/wp\/v2\/media?parent=7657"}],"curies":[{"name":"wp","href":"https:\/\/api.w.org\/{rel}","templated":true}]}}