{"id":7653,"date":"2022-06-03T08:00:12","date_gmt":"2022-06-03T08:00:12","guid":{"rendered":"https:\/\/daisyhomesalanya.com\/?page_id=7653"},"modified":"2022-11-17T13:16:09","modified_gmt":"2022-11-17T13:16:09","slug":"aftersaleservices","status":"publish","type":"page","link":"https:\/\/daisyhomesalanya.com\/tr\/aftersaleservices\/","title":{"rendered":"SATI\u015e SONRASI H\u0130ZMETLER\u0130"},"content":{"rendered":"<p>[vc_row full_width=&#8221;stretch_row_content_no_spaces&#8221;][vc_column][vc_empty_space height=&#8221;52px&#8221;][vc_custom_heading text=&#8221;SATI\u015e SONRASI H\u0130ZMETLER\u0130&#8221; font_container=&#8221;tag:h1|text_align:center&#8221;][vc_empty_space height=&#8221;52px&#8221;][vc_row_inner css=&#8221;.vc_custom_1654155606352{margin-right: 30px !important;margin-left: 30px !important;}&#8221;][vc_column_inner width=&#8221;1\/2&#8243; css=&#8221;.vc_custom_1654155648058{padding-right: 50px !important;padding-left: 50px !important;}&#8221;][vc_column_text]<\/p>\n<ul>\n<li>T\u00fcrkiye&#8217;deki emlak al\u0131c\u0131lar\u0131n\u0131n sadece <a href=\"https:\/\/daisyhomesalanya.com\/ru\/procedureofbuyingpropertyinturkey\/\">sat\u0131n alma a\u015famas\u0131nda<\/a> de\u011fil, ayn\u0131 zamanda yeni bir eve yerle\u015fme ve ya\u015fama uyum s\u00fcrecinde de yard\u0131ma ihtiya\u00e7lar\u0131 vard\u0131r. M\u00fc\u015fterilerimiz i\u00e7in kapsaml\u0131 destek alman\u0131n ve g\u00fcven duyman\u0131n ne kadar \u00f6nemli oldu\u011funu \u00e7ok iyi anl\u0131yoruz. TAPU&#8217;yu ald\u0131ktan sonra sizinle i\u015fbirli\u011fimizin bitmedi\u011fini, sadece ba\u015flad\u0131\u011f\u0131n\u0131 size temin etmek isteriz. DAISY HOMES ALANYA \u015firketinin \u00e7al\u0131\u015fanlar\u0131, m\u00fc\u015fterileri i\u00e7in her zaman ileti\u015fim halindedir ve yard\u0131m etmeye ve tavsiyede bulunmaya haz\u0131rd\u0131r. Ayr\u0131ca sat\u0131\u015f sonras\u0131 hizmetin bir par\u00e7as\u0131 olarak daha fazla etkile\u015fime devam edip sat\u0131n ald\u0131ktan 5 y\u0131l sonra bile bizi arayabilir ve her t\u00fcrl\u00fc sorunuzla ilgili dan\u0131\u015fabilirsiniz!<\/li>\n<\/ul>\n<p>&nbsp;<\/p>\n<h4>Sat\u0131\u015f sonras\u0131 hizmetlerimiz, daire sahipleri i\u00e7in bir dizi faydal\u0131 se\u00e7enek i\u00e7erir:<\/h4>\n<p>&nbsp;<\/p>\n<p>Konut ve ticari gayrimenkul\u00fcn tam y\u00f6netimi: haz\u0131rl\u0131k ve kiralama, gerekli mobilya ve aletlerin d\u00f6\u015fenmesi, ileti\u015fim durumunun ve onar\u0131mlar\u0131n\u0131n takip edilmesi, ilgili maliyetlerin \u00f6denmesi ve \u00e7ok daha fazlas\u0131.<\/p>\n<p>Al\u0131c\u0131 taraf\u0131ndan se\u00e7ilen arsa \u00fczerine villa in\u015faat\u0131.<\/p>\n<p>Kendi profesyonel ekibimiz taraf\u0131ndan y\u00fcksek kaliteli onar\u0131m \u00e7al\u0131\u015fmalar\u0131 yapmak.<\/p>\n<p>Kamu hizmetleri, su, elektrik, internet, telefon vb. ba\u011flant\u0131lar\u0131na ili\u015fkin s\u00f6zle\u015fmelerin yap\u0131lmas\u0131nda yard\u0131m.<\/p>\n<p>Elektrik faturalar\u0131n\u0131n\u00a0 ve ve vergilerin \u00f6denmesi.<\/p>\n<p>Temizlik hizmeti.<\/p>\n<p>Konut, sa\u011fl\u0131k hizmetleri, arazi i\u00e7in sigorta poli\u00e7elerinin kayd\u0131.<\/p>\n<p>\u00c7e\u015fitli bankac\u0131l\u0131k hizmetlerinin y\u00fcr\u00fct\u00fclmesinde tavsiye ve destek.<\/p>\n<p>Oturma izni, T\u00fcrk vatanda\u015fl\u0131\u011f\u0131, vize, noterlik belgelerinin al\u0131nmas\u0131nda yard\u0131m.<\/p>\n<p>Havaalan\u0131ndan \/ havaalan\u0131na transfer organize etme.<\/p>\n<p>\u00c7ocuklar\u0131n okula, anaokuluna ve \u00e7ok daha fazlas\u0131na kayd\u0131 konusunda dan\u0131\u015fmalar.[\/vc_column_text][\/vc_column_inner][vc_column_inner width=&#8221;1\/2&#8243;][vc_single_image image=&#8221;18626&#8243; img_size=&#8221;full&#8221; alignment=&#8221;center&#8221; css_animation=&#8221;fadeInDown&#8221;][\/vc_column_inner][\/vc_row_inner][\/vc_column][\/vc_row][vc_row full_width=&#8221;stretch_row_content_no_spaces&#8221; css=&#8221;.vc_custom_1654192034425{background-color: #252c40 !important;}&#8221; el_class=&#8221;clean-wc-row&#8221;][vc_column][vc_row_inner][vc_column_inner width=&#8221;1\/3&#8243;][vc_empty_space height=&#8221;80px&#8221;][vc_single_image image=&#8221;18305&#8243; img_size=&#8221;full&#8221; alignment=&#8221;center&#8221; style=&#8221;vc_box_outline_circle&#8221;][\/vc_column_inner][vc_column_inner el_class=&#8221;text-white&#8221; width=&#8221;1\/3&#8243; css=&#8221;.vc_custom_1654241876727{border-right-width: 10px !important;padding-left: 10px !important;border-right-color: #e8e8e8 !important;}&#8221;][vc_column_text]<\/p>\n<h2 style=\"text-align: center;\"><\/h2>\n<p>&nbsp;<\/p>\n<p>&nbsp;<\/p>\n<h2 style=\"text-align: center;\"><strong><span style=\"color: #ffffff;\">\u00a0 \u00a0 \u00a0Lisansl\u0131 bir emlak ofisi olarak <\/span><\/strong><\/h2>\n<h2 style=\"text-align: center;\"><strong><span style=\"color: #ffffff;\">DAISY HOMES ALANYA<\/span><\/strong><\/h2>\n<h2 style=\"text-align: center;\"><strong><span style=\"color: #ffffff;\">m\u00fclk\u00fcn\u00fczle ve konaklaman\u0131z\u0131n konforuyla ilgilenecek!<\/span><\/strong><\/h2>\n<p>[\/vc_column_text][\/vc_column_inner][vc_column_inner width=&#8221;1\/3&#8243; css=&#8221;.vc_custom_1654170921454{margin-top: 90px !important;margin-bottom: 90px !important;}&#8221;][vc_single_image image=&#8221;18344&#8243; img_size=&#8221;full&#8221; alignment=&#8221;center&#8221; style=&#8221;vc_box_outline_circle&#8221; css_animation=&#8221;fadeInUp&#8221;][\/vc_column_inner][\/vc_row_inner][\/vc_column][\/vc_row][vc_row full_width=&#8221;stretch_row_content_no_spaces&#8221; css=&#8221;.vc_custom_1668690966239{background-color: #5c5e46 !important;}&#8221; el_class=&#8221;asking-row&#8221;][vc_column][vc_row_inner][vc_column_inner width=&#8221;1\/2&#8243;][vc_single_image image=&#8221;18532&#8243; img_size=&#8221;full&#8221; alignment=&#8221;center&#8221; style=&#8221;vc_box_outline_circle&#8221;][\/vc_column_inner][vc_column_inner width=&#8221;1\/2&#8243;][vc_column_text]<\/p>\n<div style=\"color: #fff;\">\n<p class=\"title\">T\u00fcrkiye&#8217;de ev sat\u0131n alma prosed\u00fcr\u00fc hakk\u0131nda hala sorular\u0131n\u0131z m\u0131 var?<\/p>\n<p class=\"title\">\u0130leti\u015fim bilgilerinizi b\u0131rak\u0131n, y\u00f6neticimiz k\u0131sa s\u00fcre i\u00e7inde sizinle ileti\u015fime ge\u00e7ecektir.<\/p>\n<\/div>\n<p>[\/vc_column_text][vc_btn title=&#8221;Dan\u0131\u015fmanl\u0131k Almak \u0130\u00e7in&#8221; style=&#8221;custom&#8221; custom_background=&#8221;#81d742&#8243; custom_text=&#8221;#ffffff&#8221; align=&#8221;center&#8221; el_class=&#8221;js-inquiry-toggle js-modal-callmeback&#8221;][\/vc_column_inner][\/vc_row_inner][\/vc_column][\/vc_row]<\/p>\n","protected":false},"excerpt":{"rendered":"<p>[vc_row full_width=&#8221;stretch_row_content_no_spaces&#8221;][vc_column][vc_empty_space height=&#8221;52px&#8221;][vc_custom_heading text=&#8221;SATI\u015e SONRASI H\u0130ZMETLER\u0130&#8221; font_container=&#8221;tag:h1|text_align:center&#8221;][vc_empty_space height=&#8221;52px&#8221;][vc_row_inner css=&#8221;.vc_custom_1654155606352{margin-right: 30px !important;margin-left: 30px !important;}&#8221;][vc_column_inner width=&#8221;1\/2&#8243; css=&#8221;.vc_custom_1654155648058{padding-right: 50px !important;padding-left: 50px !important;}&#8221;][vc_column_text] T\u00fcrkiye&#8217;deki emlak al\u0131c\u0131lar\u0131n\u0131n sadece sat\u0131n alma a\u015famas\u0131nda de\u011fil, ayn\u0131 zamanda yeni bir eve yerle\u015fme ve ya\u015fama uyum s\u00fcrecinde de yard\u0131ma ihtiya\u00e7lar\u0131 vard\u0131r. M\u00fc\u015fterilerimiz i\u00e7in kapsaml\u0131 destek alman\u0131n ve g\u00fcven duyman\u0131n ne kadar \u00f6nemli oldu\u011funu \u00e7ok iyi [&hellip;]<\/p>\n","protected":false},"author":5,"featured_media":0,"parent":0,"menu_order":0,"comment_status":"closed","ping_status":"closed","template":"","meta":{"inline_featured_image":false,"footnotes":""},"class_list":["post-7653","page","type-page","status-publish","hentry"],"_links":{"self":[{"href":"https:\/\/daisyhomesalanya.com\/tr\/wp-json\/wp\/v2\/pages\/7653","targetHints":{"allow":["GET"]}}],"collection":[{"href":"https:\/\/daisyhomesalanya.com\/tr\/wp-json\/wp\/v2\/pages"}],"about":[{"href":"https:\/\/daisyhomesalanya.com\/tr\/wp-json\/wp\/v2\/types\/page"}],"author":[{"embeddable":true,"href":"https:\/\/daisyhomesalanya.com\/tr\/wp-json\/wp\/v2\/users\/5"}],"replies":[{"embeddable":true,"href":"https:\/\/daisyhomesalanya.com\/tr\/wp-json\/wp\/v2\/comments?post=7653"}],"version-history":[{"count":16,"href":"https:\/\/daisyhomesalanya.com\/tr\/wp-json\/wp\/v2\/pages\/7653\/revisions"}],"predecessor-version":[{"id":18634,"href":"https:\/\/daisyhomesalanya.com\/tr\/wp-json\/wp\/v2\/pages\/7653\/revisions\/18634"}],"wp:attachment":[{"href":"https:\/\/daisyhomesalanya.com\/tr\/wp-json\/wp\/v2\/media?parent=7653"}],"curies":[{"name":"wp","href":"https:\/\/api.w.org\/{rel}","templated":true}]}}