{"id":7650,"date":"2022-06-03T07:53:52","date_gmt":"2022-06-03T07:53:52","guid":{"rendered":"https:\/\/daisyhomesalanya.com\/?page_id=7650"},"modified":"2022-11-17T12:35:24","modified_gmt":"2022-11-17T12:35:24","slug":"aboutiskan","status":"publish","type":"page","link":"https:\/\/daisyhomesalanya.com\/tr\/aboutiskan\/","title":{"rendered":"\u0130SKAN HAKKINDA"},"content":{"rendered":"<p>[vc_row full_width=&#8221;stretch_row_content_no_spaces&#8221;][vc_column][vc_empty_space height=&#8221;52px&#8221;][vc_custom_heading text=&#8221;\u0130SKAN HAKKINDA&#8221; font_container=&#8221;tag:h1|text_align:center&#8221;][vc_empty_space height=&#8221;52px&#8221;][vc_row_inner css=&#8221;.vc_custom_1654155606352{margin-right: 30px !important;margin-left: 30px !important;}&#8221;][vc_column_inner width=&#8221;1\/2&#8243; css=&#8221;.vc_custom_1654155648058{padding-right: 50px !important;padding-left: 50px !important;}&#8221;][vc_column_text]T\u00fcrkiye&#8217;de \u0130SKAN, gayrimenkul hakk\u0131nda ayr\u0131nt\u0131l\u0131 teknik bilgilerin belirtildi\u011fi bir apartman veya evin i\u015fletmeye al\u0131nmas\u0131 eylemidir.<\/p>\n<p>T\u00fcrkiye Cumhuriyeti&#8217;nde iki t\u00fcr \u0130SKAN vard\u0131r:<\/p>\n<ul>\n<li>Genel \u0130SKAN, binan\u0131n tamam\u0131 i\u00e7in d\u00fczenlenmi\u015f bir teknik pasaporttur. Binay\u0131 yasal olarak kullanman\u0131za izin verir ve ev faaliyete ge\u00e7ti\u011finde m\u00fcteahhit taraf\u0131ndan al\u0131n\u0131r.<\/li>\n<li>Ferdi \u0130SKAN, her daire i\u00e7in verilen teknik bir pasaporttur. Bu \u0130skan, dairenin ilk sahibine yaln\u0131zca bir kez verilir.<\/li>\n<\/ul>\n<p>\u0130skan, konut (adres, alan dahil) ve t\u00fcm bina hakk\u0131nda t\u00fcm teknik verileri i\u00e7erir. TAPU (gayrimenkul\u00fcn m\u00fclkiyet belgesi) ald\u0131ktan sonra bir belge d\u00fczenlenir. Maliyet, konut alan\u0131na ba\u011fl\u0131d\u0131r.<\/p>\n<p>Bir daire i\u00e7in teknik bir pasaport almak i\u00e7in gerekli t\u00fcm belgeleri toplaman\u0131za ve ayr\u0131ca noter tasdikli bir vekaletname alt\u0131nda sonraki t\u00fcm ad\u0131mlar\u0131 profesyonel ve verimli bir \u015fekilde ger\u00e7ekle\u015ftirmenize yard\u0131mc\u0131 olaca\u011f\u0131z, b\u00f6ylece k\u0131sa s\u00fcrede bitmi\u015f bir Iskan alacaks\u0131n\u0131z. Ayr\u0131ca, yeni sahiplerin yeni bir evde ya\u015famaya ve yerle\u015fmeye h\u0131zla adapte olmalar\u0131na yard\u0131mc\u0131 olmak i\u00e7in m\u00fc\u015fterilerimize <a href=\"https:\/\/daisyhomesalanya.com\/tr\/aftersaleservices\">sat\u0131\u015f sonras\u0131 hizmet<\/a> sunuyoruz.<\/p>\n<p>DAISY HOMES ALANYA, m\u00fc\u015fterileri i\u00e7in g\u00fcvenilir bir dost ve yard\u0131mc\u0131d\u0131r![\/vc_column_text][\/vc_column_inner][vc_column_inner width=&#8221;1\/2&#8243;][vc_single_image image=&#8221;18223&#8243; img_size=&#8221;full&#8221; alignment=&#8221;center&#8221; css_animation=&#8221;fadeInDown&#8221;][\/vc_column_inner][\/vc_row_inner][\/vc_column][\/vc_row][vc_row full_width=&#8221;stretch_row_content_no_spaces&#8221; css=&#8221;.vc_custom_1668688486364{background-color: #5c5e46 !important;}&#8221; el_class=&#8221;asking-row&#8221;][vc_column][vc_row_inner][vc_column_inner width=&#8221;1\/2&#8243;][vc_single_image image=&#8221;18532&#8243; img_size=&#8221;full&#8221; alignment=&#8221;center&#8221; style=&#8221;vc_box_outline_circle&#8221;][\/vc_column_inner][vc_column_inner width=&#8221;1\/2&#8243;][vc_column_text]<\/p>\n<div style=\"color: #fff;\">\n<p class=\"title\">T\u00fcrkiye&#8217;de ev sat\u0131n alma prosed\u00fcr\u00fc hakk\u0131nda hala sorular\u0131n\u0131z m\u0131 var?<\/p>\n<p class=\"title\">\u0130leti\u015fim bilgilerinizi b\u0131rak\u0131n, y\u00f6neticimiz k\u0131sa s\u00fcre i\u00e7inde sizinle ileti\u015fime ge\u00e7ecektir.<\/p>\n<\/div>\n<p>[\/vc_column_text][vc_btn title=&#8221;Dan\u0131\u015fmanl\u0131k Almak \u0130\u00e7in&#8221; style=&#8221;custom&#8221; custom_background=&#8221;#81d742&#8243; custom_text=&#8221;#ffffff&#8221; align=&#8221;center&#8221; el_class=&#8221;js-inquiry-toggle js-modal-callmeback&#8221;][\/vc_column_inner][\/vc_row_inner][\/vc_column][\/vc_row]<\/p>\n","protected":false},"excerpt":{"rendered":"<p>[vc_row full_width=&#8221;stretch_row_content_no_spaces&#8221;][vc_column][vc_empty_space height=&#8221;52px&#8221;][vc_custom_heading text=&#8221;\u0130SKAN HAKKINDA&#8221; font_container=&#8221;tag:h1|text_align:center&#8221;][vc_empty_space height=&#8221;52px&#8221;][vc_row_inner css=&#8221;.vc_custom_1654155606352{margin-right: 30px !important;margin-left: 30px !important;}&#8221;][vc_column_inner width=&#8221;1\/2&#8243; css=&#8221;.vc_custom_1654155648058{padding-right: 50px !important;padding-left: 50px !important;}&#8221;][vc_column_text]T\u00fcrkiye&#8217;de \u0130SKAN, gayrimenkul hakk\u0131nda ayr\u0131nt\u0131l\u0131 teknik bilgilerin belirtildi\u011fi bir apartman veya evin i\u015fletmeye al\u0131nmas\u0131 eylemidir. T\u00fcrkiye Cumhuriyeti&#8217;nde iki t\u00fcr \u0130SKAN vard\u0131r: Genel \u0130SKAN, binan\u0131n tamam\u0131 i\u00e7in d\u00fczenlenmi\u015f bir teknik pasaporttur. Binay\u0131 yasal olarak kullanman\u0131za izin verir ve ev [&hellip;]<\/p>\n","protected":false},"author":5,"featured_media":0,"parent":0,"menu_order":0,"comment_status":"closed","ping_status":"closed","template":"","meta":{"inline_featured_image":false,"footnotes":""},"class_list":["post-7650","page","type-page","status-publish","hentry"],"_links":{"self":[{"href":"https:\/\/daisyhomesalanya.com\/tr\/wp-json\/wp\/v2\/pages\/7650","targetHints":{"allow":["GET"]}}],"collection":[{"href":"https:\/\/daisyhomesalanya.com\/tr\/wp-json\/wp\/v2\/pages"}],"about":[{"href":"https:\/\/daisyhomesalanya.com\/tr\/wp-json\/wp\/v2\/types\/page"}],"author":[{"embeddable":true,"href":"https:\/\/daisyhomesalanya.com\/tr\/wp-json\/wp\/v2\/users\/5"}],"replies":[{"embeddable":true,"href":"https:\/\/daisyhomesalanya.com\/tr\/wp-json\/wp\/v2\/comments?post=7650"}],"version-history":[{"count":24,"href":"https:\/\/daisyhomesalanya.com\/tr\/wp-json\/wp\/v2\/pages\/7650\/revisions"}],"predecessor-version":[{"id":18620,"href":"https:\/\/daisyhomesalanya.com\/tr\/wp-json\/wp\/v2\/pages\/7650\/revisions\/18620"}],"wp:attachment":[{"href":"https:\/\/daisyhomesalanya.com\/tr\/wp-json\/wp\/v2\/media?parent=7650"}],"curies":[{"name":"wp","href":"https:\/\/api.w.org\/{rel}","templated":true}]}}