{"id":7647,"date":"2022-06-03T07:49:29","date_gmt":"2022-06-03T07:49:29","guid":{"rendered":"https:\/\/daisyhomesalanya.com\/?page_id=7647"},"modified":"2022-11-17T12:51:35","modified_gmt":"2022-11-17T12:51:35","slug":"registrationofcountersforelectricityandwater","status":"publish","type":"page","link":"https:\/\/daisyhomesalanya.com\/tr\/registrationofcountersforelectricityandwater\/","title":{"rendered":"ELEKTR\u0130K VE SU SAYA\u00c7LARININ KAYDI"},"content":{"rendered":"<p>[vc_row full_width=&#8221;stretch_row_content_no_spaces&#8221;][vc_column][vc_empty_space height=&#8221;52px&#8221;][vc_custom_heading text=&#8221;ELEKTR\u0130K VE SU SAYA\u00c7LARININ KAYDI&#8221; font_container=&#8221;tag:h1|text_align:center&#8221;][vc_empty_space height=&#8221;52px&#8221;][vc_row_inner css=&#8221;.vc_custom_1654155606352{margin-right: 30px !important;margin-left: 30px !important;}&#8221;][vc_column_inner width=&#8221;1\/2&#8243; css=&#8221;.vc_custom_1654155648058{padding-right: 50px !important;padding-left: 50px !important;}&#8221;][vc_column_text]T\u00fcrkiye&#8217;de bir m\u00fclk sat\u0131n ald\u0131ktan sonra, sahibinin, m\u00fclkiyeti ald\u0131ktan hemen sonra \u00e7\u00f6zmesi gereken ikametle ilgili bir tak\u0131m sorular\u0131 vard\u0131r. T\u00fcrkiye Cumhuriyeti&#8217;nde ve di\u011fer Avrupa \u00fclkelerinde apartmanlar ve evler, gerekli t\u00fcm modern elektrikli ev aletleri, ev aletleri, ayd\u0131nlatma ve su temin sistemi ile donat\u0131lm\u0131\u015ft\u0131r.<\/p>\n<p>Bu nedenle, yabanc\u0131 bir vatanda\u015f\u0131n konforlu bir konaklama i\u00e7in gerekli hizmetleri alabilmesi ve zaman\u0131nda \u00f6deme yapabilmesi i\u00e7in su ve elektrik abonelerini kaydetmesi gerekecektir.<\/p>\n<p>TAPU ve <a href=\"https:\/\/daisyhomesalanya.com\/tr\/aboutiskan\">Iskan&#8217;\u0131<\/a> ald\u0131ktan sonra,\u00a0 DAISY HOMES ALANYA emlak acentesinin uzmanlar\u0131, <a href=\"https:\/\/daisyhomesalanya.com\/tr\/aftersaleservices\">sat\u0131\u015f sonras\u0131 hizmetin<\/a> bir par\u00e7as\u0131 olarak sizin ad\u0131n\u0131za elektrik ve su temini i\u00e7in s\u00f6zle\u015fmeler yapmaya haz\u0131rd\u0131r. Sadece T\u00fcrk\u00e7eyi ak\u0131c\u0131 konu\u015fmuyoruz, ayn\u0131 zamanda yakla\u015fan prosed\u00fcr\u00fcn t\u00fcm n\u00fcanslar\u0131n\u0131 da biliyoruz, bu da s\u00fcreci olabildi\u011fince basitle\u015ftirebilece\u011fimiz ve bo\u015f zaman\u0131n\u0131zdan tasarruf edebilece\u011fimiz anlam\u0131na geliyor.<\/p>\n<p><strong>Sa\u011flanan hizmetlerin listesi \u015funlar\u0131 i\u00e7erir:<\/strong><\/p>\n<ul>\n<li>Belgeleri toplamak ve bir su idaresi veya bir enerji \u015firketi ile ileti\u015fime ge\u00e7mek.<\/li>\n<li>S\u00f6zle\u015fmeyi sizin ad\u0131n\u0131za imzalamak ve \u00f6deme yapmak.<\/li>\n<li>\u015eirket \u00e7al\u0131\u015fanlar\u0131 ile bir araya gelerek saya\u00e7lar\u0131 ba\u011flamak ve ertesi g\u00fcn tesisin elektrik ve suyunun sa\u011flanmas\u0131n\u0131 sa\u011flamak.<\/li>\n<\/ul>\n<p>\u0130nternet ve telefon aras\u0131nda ba\u011flant\u0131 kurma, en uygun tarifeyi se\u00e7me, s\u00f6zle\u015fme imzalama ve hizmetler i\u00e7in \u00f6deme yapma konusunda da size yard\u0131mc\u0131 olabiliriz.[\/vc_column_text][\/vc_column_inner][vc_column_inner width=&#8221;1\/2&#8243;][vc_single_image image=&#8221;7648&#8243; img_size=&#8221;full&#8221; alignment=&#8221;center&#8221; css_animation=&#8221;fadeInDown&#8221;][\/vc_column_inner][\/vc_row_inner][\/vc_column][\/vc_row][vc_row full_width=&#8221;stretch_row_content_no_spaces&#8221; css=&#8221;.vc_custom_1668689305421{background: #5c5e46 url(https:\/\/daisyhomesalanya.com\/wp-content\/uploads\/2022\/06\/fon.jpg?id=7591) !important;}&#8221; el_class=&#8221;asking-row&#8221;][vc_column][vc_row_inner][vc_column_inner width=&#8221;1\/2&#8243;][vc_single_image image=&#8221;18532&#8243; img_size=&#8221;full&#8221; alignment=&#8221;center&#8221; style=&#8221;vc_box_outline_circle&#8221;][\/vc_column_inner][vc_column_inner width=&#8221;1\/2&#8243;][vc_column_text]<\/p>\n<div style=\"color: #fff;\">\n<p class=\"title\">T\u00fcrkiye&#8217;de ev sat\u0131n alma prosed\u00fcr\u00fc hakk\u0131nda hala sorular\u0131n\u0131z m\u0131 var?<\/p>\n<p class=\"title\">\u0130leti\u015fim bilgilerinizi b\u0131rak\u0131n, y\u00f6neticimiz k\u0131sa s\u00fcre i\u00e7inde sizinle ileti\u015fime ge\u00e7ecektir.<\/p>\n<\/div>\n<p>[\/vc_column_text][vc_btn title=&#8221;Dan\u0131\u015fmanl\u0131k Almak \u0130\u00e7in&#8221; style=&#8221;custom&#8221; custom_background=&#8221;#81d742&#8243; custom_text=&#8221;#ffffff&#8221; align=&#8221;center&#8221; el_class=&#8221;js-inquiry-toggle js-modal-callmeback&#8221;][\/vc_column_inner][\/vc_row_inner][\/vc_column][\/vc_row]<\/p>\n","protected":false},"excerpt":{"rendered":"<p>[vc_row full_width=&#8221;stretch_row_content_no_spaces&#8221;][vc_column][vc_empty_space height=&#8221;52px&#8221;][vc_custom_heading text=&#8221;ELEKTR\u0130K VE SU SAYA\u00c7LARININ KAYDI&#8221; font_container=&#8221;tag:h1|text_align:center&#8221;][vc_empty_space height=&#8221;52px&#8221;][vc_row_inner css=&#8221;.vc_custom_1654155606352{margin-right: 30px !important;margin-left: 30px !important;}&#8221;][vc_column_inner width=&#8221;1\/2&#8243; css=&#8221;.vc_custom_1654155648058{padding-right: 50px !important;padding-left: 50px !important;}&#8221;][vc_column_text]T\u00fcrkiye&#8217;de bir m\u00fclk sat\u0131n ald\u0131ktan sonra, sahibinin, m\u00fclkiyeti ald\u0131ktan hemen sonra \u00e7\u00f6zmesi gereken ikametle ilgili bir tak\u0131m sorular\u0131 vard\u0131r. T\u00fcrkiye Cumhuriyeti&#8217;nde ve di\u011fer Avrupa \u00fclkelerinde apartmanlar ve evler, gerekli t\u00fcm modern elektrikli ev aletleri, ev [&hellip;]<\/p>\n","protected":false},"author":5,"featured_media":0,"parent":0,"menu_order":0,"comment_status":"closed","ping_status":"closed","template":"","meta":{"inline_featured_image":false,"footnotes":""},"class_list":["post-7647","page","type-page","status-publish","hentry"],"_links":{"self":[{"href":"https:\/\/daisyhomesalanya.com\/tr\/wp-json\/wp\/v2\/pages\/7647","targetHints":{"allow":["GET"]}}],"collection":[{"href":"https:\/\/daisyhomesalanya.com\/tr\/wp-json\/wp\/v2\/pages"}],"about":[{"href":"https:\/\/daisyhomesalanya.com\/tr\/wp-json\/wp\/v2\/types\/page"}],"author":[{"embeddable":true,"href":"https:\/\/daisyhomesalanya.com\/tr\/wp-json\/wp\/v2\/users\/5"}],"replies":[{"embeddable":true,"href":"https:\/\/daisyhomesalanya.com\/tr\/wp-json\/wp\/v2\/comments?post=7647"}],"version-history":[{"count":4,"href":"https:\/\/daisyhomesalanya.com\/tr\/wp-json\/wp\/v2\/pages\/7647\/revisions"}],"predecessor-version":[{"id":18625,"href":"https:\/\/daisyhomesalanya.com\/tr\/wp-json\/wp\/v2\/pages\/7647\/revisions\/18625"}],"wp:attachment":[{"href":"https:\/\/daisyhomesalanya.com\/tr\/wp-json\/wp\/v2\/media?parent=7647"}],"curies":[{"name":"wp","href":"https:\/\/api.w.org\/{rel}","templated":true}]}}