{"id":7633,"date":"2022-06-02T18:29:05","date_gmt":"2022-06-02T18:29:05","guid":{"rendered":"https:\/\/daisyhomesalanya.com\/?page_id=7633"},"modified":"2022-11-17T12:26:17","modified_gmt":"2022-11-17T12:26:17","slug":"tapu","status":"publish","type":"page","link":"https:\/\/daisyhomesalanya.com\/tr\/tapu\/","title":{"rendered":"GAYR\u0130MENKUL M\u00dcLK\u0130YET\u0130N\u0130N TESC\u0130L\u0130 (TAPU)"},"content":{"rendered":"<p>[vc_row full_width=&#8221;stretch_row_content_no_spaces&#8221;][vc_column][vc_empty_space height=&#8221;52px&#8221;][vc_custom_heading text=&#8221;GAYR\u0130MENKUL M\u00dcLK\u0130YET\u0130N\u0130N TESC\u0130L\u0130 (TAPU)&#8221; font_container=&#8221;tag:h1|text_align:center&#8221;][vc_empty_space height=&#8221;52px&#8221;][vc_row_inner css=&#8221;.vc_custom_1654155606352{margin-right: 30px !important;margin-left: 30px !important;}&#8221;][vc_column_inner width=&#8221;1\/2&#8243; css=&#8221;.vc_custom_1654155648058{padding-right: 50px !important;padding-left: 50px !important;}&#8221;][vc_column_text]T\u00fcrkiye&#8217;deki TAPU, hem yerli hem de yabanc\u0131 vatanda\u015flar\u0131n mutlak ve zamans\u0131z m\u00fclkiyetini belgeleyen tek belgedir.<\/p>\n<p>Tapu, konut ve ticari alanlara ili\u015fkin haklar\u0131n tescili i\u00e7in tapu sistemine uygun olarak, edinilen m\u00fclk\u00fcn bulundu\u011fu yerdeki Kadastro Ofisine kay\u0131tl\u0131d\u0131r.<\/p>\n<p>Sat\u0131c\u0131 ve al\u0131c\u0131, m\u00fclk \u00fczerinde hak iddialar\u0131n\u0131n bulunmad\u0131\u011f\u0131na dair bir belge imzalar, ard\u0131ndan m\u00fclkiyet hakk\u0131 devredilir, yeni mal sahibi kadastro defterine girilir ve TAPU d\u00fczenlenir.<\/p>\n<p>Yeni mal sahibi, \u015fahsen veya bir emlak acentesinin m\u00fctevelli heyetine veya temsilcilerine verilen noter tasdikli vekaletname ile bir m\u00fclkiyet belgesi alabilir.<\/p>\n<p>TAPU&#8217;yu ald\u0131ktan sonra, yeni mal sahibine, gerekli t\u00fcm ev e\u015fyalar\u0131 ile konforlu bir konaklama i\u00e7in <a href=\"https:\/\/daisyhomesalanya.com\/tr\/%d0%be%d1%84%d0%be%d1%80%d0%bc%d0%bb%d0%b5%d0%bd%d0%b8%d0%b5-%d1%81%d1%87%d0%b5%d1%82%d1%87%d0%b8%d0%ba%d0%be%d0%b2-%d0%bd%d0%b0-%d1%8d%d0%bb%d0%b5%d0%ba%d1%82%d1%80%d0%b8%d1%87%d0%b5%d1%81%d1%82\/\">su ve elektrik abonelikleri<\/a> verilir.<\/p>\n<p>Sahibi hem bireysel hem de t\u00fczel ki\u015filik, her ya\u015ftan vatanda\u015f veya 10 ki\u015fiye kadar olan bir grup insan olabilir. Daire veya evin yan\u0131 s\u0131ra binan\u0131n alt\u0131ndaki arsa da m\u00fclkiyete ge\u00e7er.[\/vc_column_text][\/vc_column_inner][vc_column_inner width=&#8221;1\/2&#8243;][vc_single_image image=&#8221;18602&#8243; img_size=&#8221;full&#8221; alignment=&#8221;center&#8221; css_animation=&#8221;fadeInDown&#8221;][\/vc_column_inner][\/vc_row_inner][\/vc_column][\/vc_row][vc_row full_width=&#8221;stretch_row_content_no_spaces&#8221; css=&#8221;.vc_custom_1654192034425{background-color: #252c40 !important;}&#8221; el_class=&#8221;clean-wc-row&#8221;][vc_column][vc_row_inner][vc_column_inner width=&#8221;1\/3&#8243;][vc_empty_space height=&#8221;80px&#8221;][vc_single_image image=&#8221;18604&#8243; img_size=&#8221;full&#8221; alignment=&#8221;center&#8221; style=&#8221;vc_box_outline_circle&#8221;][\/vc_column_inner][vc_column_inner el_class=&#8221;text-white&#8221; width=&#8221;1\/3&#8243; css=&#8221;.vc_custom_1654241995786{border-right-width: 10px !important;padding-left: 10px !important;border-right-color: #e8e8e8 !important;}&#8221;][vc_column_text]<\/p>\n<div style=\"font-size: 15px;\">\n<p>&nbsp;<\/p>\n<p>&nbsp;<\/p>\n<p>Lisansl\u0131 emlak \u015firketi DAISY HOMES ALANYA, gayrimenkul al\u0131m ve sat\u0131m i\u015fleminin bir par\u00e7as\u0131 olarak T\u00fcrkiye&#8217;de TAPU i\u015flemi i\u00e7in eksiksiz bir profesyonel hizmet yelpazesi sunmaya haz\u0131rd\u0131r:<\/p>\n<ul>\n<li>Kadastro M\u00fcd\u00fcrl\u00fc\u011f\u00fcne ibraz i\u00e7in gerekli evraklar\u0131n haz\u0131rlanmas\u0131 ve al\u0131c\u0131 ad\u0131na ibraz edilmesi.<\/li>\n<li>Prosed\u00fcr\u00fcn me\u015fruiyetinin sa\u011flanmas\u0131 (yeminli terc\u00fcman bulunmas\u0131).<\/li>\n<li>Devlet vergi ve har\u00e7lar\u0131n\u0131n \u00f6denmesi.<\/li>\n<li>TAPU&#8217;nun vekaletname ile al\u0131nmas\u0131 ve \u015firketimizin m\u00fc\u015fterisi olan yeni sahibine devredilmesi.<\/li>\n<\/ul>\n<p>TAPU kaybolursa, 1 i\u015f g\u00fcn\u00fc i\u00e7inde geri alman\u0131za yard\u0131mc\u0131 olabiliriz.<\/p>\n<p>Kural olarak, gayrimenkul m\u00fclkiyet belgesi verme s\u00fcreci yakla\u015f\u0131k 1 ila 15 g\u00fcn s\u00fcrer ve DAISY HOMES ALANYA, prosed\u00fcr\u00fc h\u0131zl\u0131 ve risksiz bir \u015fekilde tamamlaman\u0131za yard\u0131mc\u0131 olmaktan mutluluk duyacakt\u0131r.<\/p>\n<\/div>\n<p>[\/vc_column_text][vc_empty_space height=&#8221;54px&#8221;][\/vc_column_inner][vc_column_inner width=&#8221;1\/3&#8243; css=&#8221;.vc_custom_1654170921454{margin-top: 90px !important;margin-bottom: 90px !important;}&#8221;][vc_single_image image=&#8221;18605&#8243; img_size=&#8221;full&#8221; alignment=&#8221;center&#8221; style=&#8221;vc_box_outline_circle&#8221; css_animation=&#8221;fadeInUp&#8221;][\/vc_column_inner][\/vc_row_inner][\/vc_column][\/vc_row][vc_row full_width=&#8221;stretch_row_content_no_spaces&#8221; css=&#8221;.vc_custom_1668687959453{background: #5c5e46 url(https:\/\/daisyhomesalanya.com\/wp-content\/uploads\/2022\/06\/fon.jpg?id=7591) !important;}&#8221; el_class=&#8221;asking-row&#8221;][vc_column][vc_row_inner css=&#8221;.vc_custom_1668687971605{background-color: #5c5e46 !important;}&#8221;][vc_column_inner width=&#8221;1\/2&#8243;][vc_single_image image=&#8221;18532&#8243; img_size=&#8221;full&#8221; alignment=&#8221;center&#8221; style=&#8221;vc_box_outline_circle&#8221;][\/vc_column_inner][vc_column_inner width=&#8221;1\/2&#8243;][vc_column_text]<\/p>\n<div style=\"color: #fff;\">\n<p class=\"title\">T\u00fcrkiye&#8217;de ev sat\u0131n alma prosed\u00fcr\u00fc hakk\u0131nda hala sorular\u0131n\u0131z m\u0131 var?<\/p>\n<p class=\"title\">\u0130leti\u015fim bilgilerinizi b\u0131rak\u0131n, y\u00f6neticimiz k\u0131sa s\u00fcre i\u00e7inde sizinle ileti\u015fime ge\u00e7ecektir.<\/p>\n<\/div>\n<p>[\/vc_column_text][vc_btn title=&#8221;Dan\u0131\u015fmanl\u0131k Almak \u0130\u00e7in&#8221; style=&#8221;custom&#8221; custom_background=&#8221;#81d742&#8243; custom_text=&#8221;#ffffff&#8221; align=&#8221;center&#8221; el_class=&#8221;js-inquiry-toggle js-modal-callmeback&#8221;][\/vc_column_inner][\/vc_row_inner][\/vc_column][\/vc_row]<\/p>\n","protected":false},"excerpt":{"rendered":"<p>[vc_row full_width=&#8221;stretch_row_content_no_spaces&#8221;][vc_column][vc_empty_space height=&#8221;52px&#8221;][vc_custom_heading text=&#8221;GAYR\u0130MENKUL M\u00dcLK\u0130YET\u0130N\u0130N TESC\u0130L\u0130 (TAPU)&#8221; font_container=&#8221;tag:h1|text_align:center&#8221;][vc_empty_space height=&#8221;52px&#8221;][vc_row_inner css=&#8221;.vc_custom_1654155606352{margin-right: 30px !important;margin-left: 30px !important;}&#8221;][vc_column_inner width=&#8221;1\/2&#8243; css=&#8221;.vc_custom_1654155648058{padding-right: 50px !important;padding-left: 50px !important;}&#8221;][vc_column_text]T\u00fcrkiye&#8217;deki TAPU, hem yerli hem de yabanc\u0131 vatanda\u015flar\u0131n mutlak ve zamans\u0131z m\u00fclkiyetini belgeleyen tek belgedir. Tapu, konut ve ticari alanlara ili\u015fkin haklar\u0131n tescili i\u00e7in tapu sistemine uygun olarak, edinilen m\u00fclk\u00fcn bulundu\u011fu yerdeki Kadastro Ofisine kay\u0131tl\u0131d\u0131r. Sat\u0131c\u0131 [&hellip;]<\/p>\n","protected":false},"author":5,"featured_media":0,"parent":0,"menu_order":0,"comment_status":"closed","ping_status":"closed","template":"","meta":{"inline_featured_image":false,"footnotes":""},"class_list":["post-7633","page","type-page","status-publish","hentry"],"_links":{"self":[{"href":"https:\/\/daisyhomesalanya.com\/tr\/wp-json\/wp\/v2\/pages\/7633","targetHints":{"allow":["GET"]}}],"collection":[{"href":"https:\/\/daisyhomesalanya.com\/tr\/wp-json\/wp\/v2\/pages"}],"about":[{"href":"https:\/\/daisyhomesalanya.com\/tr\/wp-json\/wp\/v2\/types\/page"}],"author":[{"embeddable":true,"href":"https:\/\/daisyhomesalanya.com\/tr\/wp-json\/wp\/v2\/users\/5"}],"replies":[{"embeddable":true,"href":"https:\/\/daisyhomesalanya.com\/tr\/wp-json\/wp\/v2\/comments?post=7633"}],"version-history":[{"count":13,"href":"https:\/\/daisyhomesalanya.com\/tr\/wp-json\/wp\/v2\/pages\/7633\/revisions"}],"predecessor-version":[{"id":18617,"href":"https:\/\/daisyhomesalanya.com\/tr\/wp-json\/wp\/v2\/pages\/7633\/revisions\/18617"}],"wp:attachment":[{"href":"https:\/\/daisyhomesalanya.com\/tr\/wp-json\/wp\/v2\/media?parent=7633"}],"curies":[{"name":"wp","href":"https:\/\/api.w.org\/{rel}","templated":true}]}}