{"id":7629,"date":"2022-06-02T18:23:39","date_gmt":"2022-06-02T18:23:39","guid":{"rendered":"https:\/\/daisyhomesalanya.com\/?page_id=7629"},"modified":"2022-11-17T11:52:46","modified_gmt":"2022-11-17T11:52:46","slug":"registerationofaresidencepermit","status":"publish","type":"page","link":"https:\/\/daisyhomesalanya.com\/tr\/registerationofaresidencepermit\/","title":{"rendered":"Oturma \u0130zni Kayd\u0131"},"content":{"rendered":"<p>[vc_row full_width=&#8221;stretch_row_content_no_spaces&#8221;][vc_column][vc_empty_space height=&#8221;52px&#8221;][vc_custom_heading text=&#8221;Oturma \u0130zni Kayd\u0131&#8221; font_container=&#8221;tag:h1|text_align:center&#8221;][vc_empty_space height=&#8221;52px&#8221;][vc_row_inner css=&#8221;.vc_custom_1654155606352{margin-right: 30px !important;margin-left: 30px !important;}&#8221;][vc_column_inner width=&#8221;1\/2&#8243; css=&#8221;.vc_custom_1654155648058{padding-right: 50px !important;padding-left: 50px !important;}&#8221;][vc_column_text]<\/p>\n<p>&nbsp;<\/p>\n<p>T\u00fcrkiye&#8217;de \u00e7ok say\u0131da yabanc\u0131 vatanda\u015f ya\u015f\u0131yor, bunlar\u0131n aras\u0131nda hem Orta Do\u011fu sakinleri hem de Do\u011fu ve Bat\u0131 Avrupa ile BDT \u00fclkelerinden buraya gelen yabanc\u0131lar var. Ruslar, Ukraynal\u0131lar, Belaruslular, Kazaklar ve di\u011fer milletler T\u00fcrkiye&#8217;yi sadece tatil i\u00e7in de\u011fil, ayn\u0131 zamanda kal\u0131c\u0131 ikamet i\u00e7in de tercih ediyor.<\/p>\n<p>&nbsp;<\/p>\n<p>Yabanc\u0131lardan aktif olarak artan talep sayesinde, bug\u00fcn T\u00fcrkiye Cumhuriyeti\u00a0 gayrimenkul sat\u0131n almak i\u00e7in d\u00fcnyan\u0131n en pop\u00fcler on g\u00fcc\u00fcnden biridir.<\/p>\n<p>&nbsp;<\/p>\n<p>Her \u00fclkede oldu\u011fu gibi T\u00fcrkiye&#8217;de de uzun s\u00fcre ya\u015famak i\u00e7in oturma iznine veya \u0130kamet&#8217;e sahip olman\u0131z gerekiyor. Oturma izninin standart ge\u00e7erlili\u011fi 1-2 y\u0131ld\u0131r, s\u0131n\u0131rs\u0131z say\u0131da uzat\u0131labilir.<\/p>\n<p>&nbsp;<\/p>\n<p>T\u00fcrkiye&#8217;de oturma izni alma gerek\u00e7eleri farkl\u0131 sebepler olabilir (evlilik, e\u011fitim, i\u015f, i\u015f vb.), ancak son y\u0131llarda en pop\u00fcler olanlardan biri gayrimenkul yat\u0131r\u0131m\u0131d\u0131r.<\/p>\n<p>&nbsp;<\/p>\n<p>Asl\u0131nda oturma izni almak, m\u00fclk olarak bir ev sat\u0131n alman\u0131n do\u011fal bir sonucudur. Oturma izninin yaln\u0131zca m\u00fclk sahibi olma hakk\u0131n\u0131 onaylayan bir belge olan bir TAPU varsa verildi\u011fini bilmek \u00f6nemlidir.[\/vc_column_text][\/vc_column_inner][vc_column_inner width=&#8221;1\/2&#8243;][vc_single_image image=&#8221;18403&#8243; img_size=&#8221;full&#8221; alignment=&#8221;center&#8221; css_animation=&#8221;fadeInDown&#8221;][\/vc_column_inner][\/vc_row_inner][\/vc_column][\/vc_row][vc_row full_width=&#8221;stretch_row_content_no_spaces&#8221; css=&#8221;.vc_custom_1654192034425{background-color: #252c40 !important;}&#8221; el_class=&#8221;clean-wc-row&#8221;][vc_column][vc_row_inner][vc_column_inner width=&#8221;1\/3&#8243;][vc_empty_space height=&#8221;100px&#8221;][vc_single_image image=&#8221;18591&#8243; img_size=&#8221;full&#8221; alignment=&#8221;center&#8221; style=&#8221;vc_box_outline_circle&#8221;][\/vc_column_inner][vc_column_inner el_class=&#8221;text-white&#8221; width=&#8221;1\/3&#8243; css=&#8221;.vc_custom_1654241876727{border-right-width: 10px !important;padding-left: 10px !important;border-right-color: #e8e8e8 !important;}&#8221;][vc_empty_space height=&#8221;54px&#8221;][vc_column_text]<\/p>\n<p>Lisansl\u0131 bir emlak \u015firketi olan DAISY HOMES ALANYA, T\u00fcrkiye&#8217;de bir TAPU ve oturma izni almak da dahil olmak \u00fczere, gayrimenkul se\u00e7imi ve sat\u0131n al\u0131m\u0131n\u0131n t\u00fcm a\u015famalar\u0131nda m\u00fc\u015fterilerine kapsaml\u0131 yard\u0131m sa\u011flar.<\/p>\n<p>T\u00fcrkiye&#8217;de emlak kayd\u0131n\u0131n t\u00fcm a\u015famalar\u0131, sitede elektronik olarak ikamet i\u00e7in ba\u015fvuru prosed\u00fcr\u00fcn\u00fc do\u011fru bir \u015fekilde g\u00f6zden ge\u00e7irmeniz ve ayr\u0131ca g\u00f6\u00e7 randevusu i\u00e7in g\u00fcncel belgeleri haz\u0131rlaman\u0131z ve har\u00e7lar\u0131 \u00f6deme konusunda tavsiyeler verecek ve yard\u0131mc\u0131 olaca\u011f\u0131z.<\/p>\n<p>M\u00fclk sahipleri i\u00e7in T\u00fcrkiye&#8217;de oturma izni alma s\u00fcresi yakla\u015f\u0131k 2 haftad\u0131r.<\/p>\n<p>Kesinlikle T\u00fcrkiye&#8217;deki her m\u00fclk sahibi, oturma izni alma imkan\u0131na sahiptir.[\/vc_column_text][\/vc_column_inner][vc_column_inner width=&#8221;1\/3&#8243; css=&#8221;.vc_custom_1654170921454{margin-top: 90px !important;margin-bottom: 90px !important;}&#8221;][vc_single_image image=&#8221;18592&#8243; img_size=&#8221;full&#8221; alignment=&#8221;center&#8221; style=&#8221;vc_box_outline_circle&#8221; css_animation=&#8221;fadeInUp&#8221;][\/vc_column_inner][\/vc_row_inner][\/vc_column][\/vc_row][vc_row full_width=&#8221;stretch_row_content_no_spaces&#8221; css=&#8221;.vc_custom_1654191803373{background-color: #eaebed !important;}&#8221;][vc_column][vc_column_text css=&#8221;.vc_custom_1660564119247{margin-right: 50px !important;margin-left: 50px !important;}&#8221;]<\/p>\n<h4 style=\"text-align: center;\">BEST INVEST uzmanlar\u0131 m\u00fc\u015fterilerine yard\u0131mc\u0131 olmaktan mutluluk duyar, l\u00fctfen bizimle ileti\u015fime ge\u00e7in!<\/h4>\n<p>[\/vc_column_text][\/vc_column][\/vc_row][vc_row full_width=&#8221;stretch_row_content_no_spaces&#8221; css=&#8221;.vc_custom_1668685829749{background: #5c5e46 url(https:\/\/daisyhomesalanya.com\/wp-content\/uploads\/2022\/06\/fon.jpg?id=7591) !important;}&#8221; el_class=&#8221;asking-row&#8221;][vc_column][vc_row_inner css=&#8221;.vc_custom_1668685840699{background-color: #5c5e46 !important;}&#8221;][vc_column_inner width=&#8221;1\/2&#8243;][vc_single_image image=&#8221;18532&#8243; img_size=&#8221;full&#8221; alignment=&#8221;center&#8221; style=&#8221;vc_box_outline_circle&#8221;][\/vc_column_inner][vc_column_inner width=&#8221;1\/2&#8243;][vc_column_text]T\u00fcrkiye&#8217;de ev sat\u0131n alma prosed\u00fcr\u00fc hakk\u0131nda hala sorular\u0131n\u0131z m\u0131 var?<\/p>\n<p>\u0130leti\u015fim bilgilerinizi b\u0131rak\u0131n, y\u00f6neticimiz k\u0131sa s\u00fcre i\u00e7inde sizinle ileti\u015fime ge\u00e7ecektir.[\/vc_column_text][vc_btn title=&#8221;Dan\u0131\u015fmanl\u0131k Almak \u0130\u00e7in&#8221; style=&#8221;custom&#8221; custom_background=&#8221;#81d742&#8243; custom_text=&#8221;#ffffff&#8221; align=&#8221;center&#8221; el_class=&#8221;js-inquiry-toggle js-modal-callmeback&#8221;][\/vc_column_inner][\/vc_row_inner][\/vc_column][\/vc_row]<\/p>\n","protected":false},"excerpt":{"rendered":"<p>[vc_row full_width=&#8221;stretch_row_content_no_spaces&#8221;][vc_column][vc_empty_space height=&#8221;52px&#8221;][vc_custom_heading text=&#8221;Oturma \u0130zni Kayd\u0131&#8221; font_container=&#8221;tag:h1|text_align:center&#8221;][vc_empty_space height=&#8221;52px&#8221;][vc_row_inner css=&#8221;.vc_custom_1654155606352{margin-right: 30px !important;margin-left: 30px !important;}&#8221;][vc_column_inner width=&#8221;1\/2&#8243; css=&#8221;.vc_custom_1654155648058{padding-right: 50px !important;padding-left: 50px !important;}&#8221;][vc_column_text] &nbsp; T\u00fcrkiye&#8217;de \u00e7ok say\u0131da yabanc\u0131 vatanda\u015f ya\u015f\u0131yor, bunlar\u0131n aras\u0131nda hem Orta Do\u011fu sakinleri hem de Do\u011fu ve Bat\u0131 Avrupa ile BDT \u00fclkelerinden buraya gelen yabanc\u0131lar var. Ruslar, Ukraynal\u0131lar, Belaruslular, Kazaklar ve di\u011fer milletler T\u00fcrkiye&#8217;yi sadece tatil [&hellip;]<\/p>\n","protected":false},"author":5,"featured_media":0,"parent":0,"menu_order":0,"comment_status":"closed","ping_status":"closed","template":"","meta":{"inline_featured_image":false,"footnotes":""},"class_list":["post-7629","page","type-page","status-publish","hentry"],"_links":{"self":[{"href":"https:\/\/daisyhomesalanya.com\/tr\/wp-json\/wp\/v2\/pages\/7629","targetHints":{"allow":["GET"]}}],"collection":[{"href":"https:\/\/daisyhomesalanya.com\/tr\/wp-json\/wp\/v2\/pages"}],"about":[{"href":"https:\/\/daisyhomesalanya.com\/tr\/wp-json\/wp\/v2\/types\/page"}],"author":[{"embeddable":true,"href":"https:\/\/daisyhomesalanya.com\/tr\/wp-json\/wp\/v2\/users\/5"}],"replies":[{"embeddable":true,"href":"https:\/\/daisyhomesalanya.com\/tr\/wp-json\/wp\/v2\/comments?post=7629"}],"version-history":[{"count":10,"href":"https:\/\/daisyhomesalanya.com\/tr\/wp-json\/wp\/v2\/pages\/7629\/revisions"}],"predecessor-version":[{"id":18601,"href":"https:\/\/daisyhomesalanya.com\/tr\/wp-json\/wp\/v2\/pages\/7629\/revisions\/18601"}],"wp:attachment":[{"href":"https:\/\/daisyhomesalanya.com\/tr\/wp-json\/wp\/v2\/media?parent=7629"}],"curies":[{"name":"wp","href":"https:\/\/api.w.org\/{rel}","templated":true}]}}