{"id":7624,"date":"2022-06-02T18:05:14","date_gmt":"2022-06-02T18:05:14","guid":{"rendered":"https:\/\/daisyhomesalanya.com\/?page_id=7624"},"modified":"2022-11-17T10:45:57","modified_gmt":"2022-11-17T10:45:57","slug":"mortgageloan","status":"publish","type":"page","link":"https:\/\/daisyhomesalanya.com\/tr\/mortgageloan\/","title":{"rendered":"MORTGAGE KRED\u0130S\u0130"},"content":{"rendered":"<p>[vc_row full_width=&#8221;stretch_row_content_no_spaces&#8221;][vc_column][vc_empty_space height=&#8221;52px&#8221;][vc_custom_heading text=&#8221;MORTGAGE KRED\u0130S\u0130&#8221; font_container=&#8221;tag:h1|text_align:center&#8221;][vc_empty_space height=&#8221;52px&#8221;][vc_row_inner css=&#8221;.vc_custom_1654155606352{margin-right: 30px !important;margin-left: 30px !important;}&#8221;][vc_column_inner width=&#8221;1\/2&#8243; css=&#8221;.vc_custom_1654155648058{padding-right: 50px !important;padding-left: 50px !important;}&#8221;][vc_column_text]Bug\u00fcn T\u00fcrkiye&#8217;de m\u00fclk sat\u0131n alma hayali, yurt d\u0131\u015f\u0131ndan gelen \u00e7o\u011fu vatanda\u015f i\u00e7in eri\u015filebilir bir ger\u00e7ek haline geldi. Yabanc\u0131 yat\u0131r\u0131mc\u0131lar i\u00e7in en cazip an, gayrimenkul edindikten sonra oturma izni alma imkan\u0131 oldu.<\/p>\n<p>Bir\u00e7ok a\u00e7\u0131dan, bu, herhangi bir yabanc\u0131 taraf\u0131ndan T\u00fcrk bankalar\u0131ndan birinde verilebilecek ipotek kredisi sayesinde, m\u00fclk edinimi i\u00e7in t\u00fcm tutar bir kerede elde de\u011filse m\u00fcmk\u00fcn oldu.<\/p>\n<p>Mortgage, di\u011fer \u00fclkelerde oldu\u011fu gibi T\u00fcrkiye Cumhuriyeti&#8217;nde de gayrimenkul\u00fcn sat\u0131n alma rehni niteli\u011finde oldu\u011fu bir kredidir. Kredi verildikten hemen sonra, kredinin tam geri \u00f6denmesinden sonra kald\u0131r\u0131lan bir takyidat ile al\u0131c\u0131n\u0131n m\u00fclk\u00fc olur.<\/p>\n<p>Bu yenilik sayesinde, talep \u00f6nemli \u00f6l\u00e7\u00fcde artt\u0131, \u00e7\u00fcnk\u00fc art\u0131k yabanc\u0131 yat\u0131r\u0131mc\u0131lar sadece b\u00fct\u00e7e dairelerini de\u011fil, ayn\u0131 zamanda olduk\u00e7a pahal\u0131 m\u00fclkleri de birka\u00e7 y\u0131l boyunca maliyetlerini \u00f6deyerek sat\u0131n alma f\u0131rsat\u0131na sahipler.<\/p>\n<p>T\u00fcrkiye&#8217;de bitmi\u015f daireler ve in\u015faat halindeki nesneler i\u00e7in (% 80&#8217;e kadar haz\u0131r olma durumu) bir emlak kredisi verilir, bu nedenle al\u0131c\u0131, maliyet, alan, d\u00fczen veya her a\u00e7\u0131dan kendisi i\u00e7in en iyi se\u00e7ene\u011fi se\u00e7ebilecektir. [\/vc_column_text][\/vc_column_inner][vc_column_inner width=&#8221;1\/2&#8243;][vc_single_image image=&#8221;18341&#8243; img_size=&#8221;full&#8221; alignment=&#8221;center&#8221; css_animation=&#8221;fadeInDown&#8221;][\/vc_column_inner][\/vc_row_inner][\/vc_column][\/vc_row][vc_row full_width=&#8221;stretch_row_content_no_spaces&#8221; css=&#8221;.vc_custom_1654192034425{background-color: #252c40 !important;}&#8221; el_class=&#8221;clean-wc-row&#8221;][vc_column][vc_row_inner][vc_column_inner width=&#8221;1\/3&#8243;][vc_empty_space height=&#8221;100px&#8221;][vc_single_image image=&#8221;18344&#8243; img_size=&#8221;full&#8221; style=&#8221;vc_box_outline_circle&#8221;][\/vc_column_inner][vc_column_inner el_class=&#8221;text-white&#8221; width=&#8221;1\/3&#8243; css=&#8221;.vc_custom_1654241692210{border-right-width: 10px !important;padding-left: 10px !important;border-right-color: #e8e8e8 !important;}&#8221;][vc_empty_space][vc_column_text]<\/p>\n<div style=\"font-size: 15px;\">\n<p>&nbsp;<\/p>\n<p>Halihaz\u0131rda T\u00fcrkiye&#8217;de bir ev almaya karar verdiyseniz ve elinizde t\u00fcm fon yoksa, DAISY HOMES ALANYA size konut kredisi konusunda yard\u0131mc\u0131 olmaya haz\u0131r. Uzmanlar\u0131m\u0131z sizinle birlikte d\u00fc\u015f\u00fcnecek ve kredi vadesi, pe\u015finat, para birimi t\u00fcr\u00fc, faiz oran\u0131 ve kredili bir daire sat\u0131n alma kayd\u0131 ile ilgili di\u011fer n\u00fcanslar i\u00e7in uygun ko\u015fullarla g\u00fcvenilir bankalar sunacakt\u0131r.<\/p>\n<p>Lisansl\u0131 acente DAISY HOMES ALANYA &#8216;in uzmanlar\u0131n\u0131n deneyimi ve profesyonelli\u011fi, T\u00fcrkiye&#8217;de en uygun ko\u015fullarda gayrimenkul ipotek ba\u015fvurusunda bulunman\u0131za izin verecektir!<\/p>\n<p>Buna ek olarak, bir\u00e7ok in\u015faat firmas\u0131, yap\u0131m a\u015famas\u0131ndaki gayrimenkuller ve baz\u0131 haz\u0131r m\u00fclkler i\u00e7in faizsiz taksit \u00f6demeleri sa\u011flar. B\u00f6yle bir taksit plan\u0131n\u0131n s\u00fcresi, se\u00e7ilen m\u00fclke ba\u011fl\u0131 olarak 3 aydan 3 y\u0131la kadar olabilir.<\/p>\n<\/div>\n<p>[\/vc_column_text][\/vc_column_inner][vc_column_inner width=&#8221;1\/3&#8243; css=&#8221;.vc_custom_1654170921454{margin-top: 90px !important;margin-bottom: 90px !important;}&#8221;][vc_single_image image=&#8221;18329&#8243; img_size=&#8221;full&#8221; alignment=&#8221;center&#8221; style=&#8221;vc_box_outline_circle&#8221; css_animation=&#8221;fadeInUp&#8221;][\/vc_column_inner][\/vc_row_inner][\/vc_column][\/vc_row][vc_row full_width=&#8221;stretch_row_content_no_spaces&#8221; css=&#8221;.vc_custom_1668606298562{background: #5c5e46 url(https:\/\/daisyhomesalanya.com\/wp-content\/uploads\/2022\/06\/fon.jpg?id=7591) !important;}&#8221; el_class=&#8221;asking-row&#8221;][vc_column][vc_row_inner][vc_column_inner width=&#8221;1\/2&#8243;][vc_single_image image=&#8221;18532&#8243; img_size=&#8221;full&#8221; alignment=&#8221;center&#8221; style=&#8221;vc_box_outline_circle&#8221;][\/vc_column_inner][vc_column_inner width=&#8221;1\/2&#8243;][vc_column_text]<\/p>\n<div style=\"color: #fff;\">\n<p class=\"title\">T\u00fcrkiye&#8217;de ev sat\u0131n alma prosed\u00fcr\u00fc hakk\u0131nda hala sorular\u0131n\u0131z m\u0131 var?<\/p>\n<p class=\"title\">\u0130leti\u015fim bilgilerinizi b\u0131rak\u0131n, y\u00f6neticimiz k\u0131sa s\u00fcre i\u00e7inde sizinle ileti\u015fime ge\u00e7ecektir.<\/p>\n<\/div>\n<p>[\/vc_column_text][vc_btn title=&#8221;Dan\u0131\u015fmanl\u0131k Almak \u0130\u00e7in&#8221; style=&#8221;custom&#8221; custom_background=&#8221;#81d742&#8243; custom_text=&#8221;#ffffff&#8221; align=&#8221;center&#8221; el_class=&#8221;js-inquiry-toggle js-modal-callmeback&#8221;][\/vc_column_inner][\/vc_row_inner][\/vc_column][\/vc_row]<\/p>\n","protected":false},"excerpt":{"rendered":"<p>[vc_row full_width=&#8221;stretch_row_content_no_spaces&#8221;][vc_column][vc_empty_space height=&#8221;52px&#8221;][vc_custom_heading text=&#8221;MORTGAGE KRED\u0130S\u0130&#8221; font_container=&#8221;tag:h1|text_align:center&#8221;][vc_empty_space height=&#8221;52px&#8221;][vc_row_inner css=&#8221;.vc_custom_1654155606352{margin-right: 30px !important;margin-left: 30px !important;}&#8221;][vc_column_inner width=&#8221;1\/2&#8243; css=&#8221;.vc_custom_1654155648058{padding-right: 50px !important;padding-left: 50px !important;}&#8221;][vc_column_text]Bug\u00fcn T\u00fcrkiye&#8217;de m\u00fclk sat\u0131n alma hayali, yurt d\u0131\u015f\u0131ndan gelen \u00e7o\u011fu vatanda\u015f i\u00e7in eri\u015filebilir bir ger\u00e7ek haline geldi. Yabanc\u0131 yat\u0131r\u0131mc\u0131lar i\u00e7in en cazip an, gayrimenkul edindikten sonra oturma izni alma imkan\u0131 oldu. Bir\u00e7ok a\u00e7\u0131dan, bu, herhangi bir yabanc\u0131 taraf\u0131ndan [&hellip;]<\/p>\n","protected":false},"author":5,"featured_media":0,"parent":0,"menu_order":0,"comment_status":"closed","ping_status":"closed","template":"","meta":{"inline_featured_image":false,"footnotes":""},"class_list":["post-7624","page","type-page","status-publish","hentry"],"_links":{"self":[{"href":"https:\/\/daisyhomesalanya.com\/tr\/wp-json\/wp\/v2\/pages\/7624","targetHints":{"allow":["GET"]}}],"collection":[{"href":"https:\/\/daisyhomesalanya.com\/tr\/wp-json\/wp\/v2\/pages"}],"about":[{"href":"https:\/\/daisyhomesalanya.com\/tr\/wp-json\/wp\/v2\/types\/page"}],"author":[{"embeddable":true,"href":"https:\/\/daisyhomesalanya.com\/tr\/wp-json\/wp\/v2\/users\/5"}],"replies":[{"embeddable":true,"href":"https:\/\/daisyhomesalanya.com\/tr\/wp-json\/wp\/v2\/comments?post=7624"}],"version-history":[{"count":14,"href":"https:\/\/daisyhomesalanya.com\/tr\/wp-json\/wp\/v2\/pages\/7624\/revisions"}],"predecessor-version":[{"id":18589,"href":"https:\/\/daisyhomesalanya.com\/tr\/wp-json\/wp\/v2\/pages\/7624\/revisions\/18589"}],"wp:attachment":[{"href":"https:\/\/daisyhomesalanya.com\/tr\/wp-json\/wp\/v2\/media?parent=7624"}],"curies":[{"name":"wp","href":"https:\/\/api.w.org\/{rel}","templated":true}]}}