{"id":7618,"date":"2022-06-02T17:52:47","date_gmt":"2022-06-02T17:52:47","guid":{"rendered":"https:\/\/daisyhomesalanya.com\/?page_id=7618"},"modified":"2022-11-17T10:37:47","modified_gmt":"2022-11-17T10:37:47","slug":"citizenshipofturkeybyinvestment","status":"publish","type":"page","link":"https:\/\/daisyhomesalanya.com\/tr\/citizenshipofturkeybyinvestment\/","title":{"rendered":"Yat\u0131r\u0131m yoluyla T\u00fcrkiye&#8217;de vatanda\u015fl\u0131k"},"content":{"rendered":"<p>[vc_row full_width=&#8221;stretch_row_content_no_spaces&#8221;][vc_column][vc_empty_space height=&#8221;52px&#8221;][vc_custom_heading text=&#8221;Yat\u0131r\u0131m yoluyla T\u00fcrkiye&#8217;de vatanda\u015fl\u0131k&#8221; font_container=&#8221;tag:h1|text_align:center&#8221;][vc_empty_space height=&#8221;52px&#8221;][vc_row_inner css=&#8221;.vc_custom_1654155606352{margin-right: 30px !important;margin-left: 30px !important;}&#8221;][vc_column_inner width=&#8221;2\/3&#8243; css=&#8221;.vc_custom_1654155648058{padding-right: 50px !important;padding-left: 50px !important;}&#8221;][vc_column_text]T\u00fcrk vatanda\u015fl\u0131\u011f\u0131, yabanc\u0131lara bir dizi nesnel nedenden dolay\u0131 verilebilir. Daha \u00f6nce \u00e7o\u011fu durumda vatanda\u015fl\u0131\u011fa kabul veya evlilik yoluyla bir T\u00fcrk pasaportu almak m\u00fcmk\u00fcn olsayd\u0131, bug\u00fcn devlet, ekonomisine yat\u0131r\u0131m yaparak basitle\u015ftirilmi\u015f bir program kapsam\u0131nda \u00fclkenin vatanda\u015f\u0131 olmak i\u00e7in m\u00fckemmel bir f\u0131rsat sunuyor.<\/p>\n<p>Yabanc\u0131lar, sermayelerini i\u015fletmelerin geli\u015ftirilmesine ve i\u015f yaratmaya, yat\u0131r\u0131m fonlar\u0131na, devlet tahvili al\u0131m\u0131na ve ayr\u0131ca 400.000 ABD Dolar\u0131 tutar\u0131nda gayrimenkul sat\u0131n almaya yat\u0131rabilirler. Bu kural, toplam 400 bin dolar maliyetle hem 1 nesnenin hem de birka\u00e7 nesnenin sat\u0131n al\u0131nmas\u0131 i\u00e7in ge\u00e7erlidir.<\/p>\n<p>Yat\u0131r\u0131m yoluyla T\u00fcrk vatanda\u015fl\u0131\u011f\u0131n\u0131n avantajlar\u0131 \u015funlard\u0131r:<\/p>\n<p>Sadece yat\u0131r\u0131mc\u0131 de\u011fil, e\u015fi ve 18 ya\u015f\u0131ndan k\u00fc\u00e7\u00fck \u00e7ocuklar\u0131 da pasaport alabilecek.<br \/>\nVatanda\u015fl\u0131k, ailenin gelecek nesillerine aktar\u0131l\u0131r.<br \/>\nEkonomik \u0130\u015fbirli\u011fi ve Kalk\u0131nma G\u00fc\u00e7leri Te\u015fkilat\u0131&#8217;n\u0131n yapt\u0131\u011f\u0131 de\u011ferlendirmeye g\u00f6re, yat\u0131r\u0131m yoluyla T\u00fcrk vatanda\u015fl\u0131\u011f\u0131 verilmesi program\u0131 riskli programlar listesinde yer alm\u0131yor.<br \/>\n111 \u00fclkede vizesiz veya basitle\u015ftirilmi\u015f bir prosed\u00fcrle giri\u015f imkan\u0131.<br \/>\n\u0130ki \u00fclkenin vatanda\u015fl\u0131\u011f\u0131n\u0131 almak m\u00fcmk\u00fcnd\u00fcr.<br \/>\n\u00dclkede ikamet etmeye gerek yoktur. Yabanc\u0131 bir vatanda\u015f \u015fahsen yaln\u0131zca ba\u015fvuruda bulunmal\u0131 ve biyometrik verileri sunmal\u0131d\u0131r.<br \/>\nT\u00fcrk\u00e7e dil bilgi d\u00fczeyine ili\u015fkin belge sa\u011flaman\u0131za gerek yoktur.<br \/>\nT\u00fcrkiye d\u0131\u015f\u0131ndaki varl\u0131klar ve gelirler ve daha fazlas\u0131 hakk\u0131nda belge sa\u011flamaya gerek yoktur.<br \/>\n\u00dclkede 5 y\u0131l ikamet edildikten sonra da genel vatanda\u015fl\u0131k al\u0131nabilir.<br \/>\nEldeki tutar\u0131n tamam\u0131n\u0131n bulunmamas\u0131 durumunda, yabanc\u0131 yat\u0131r\u0131mc\u0131lara konut kredisi ba\u015fvurusunda bulunma f\u0131rsat\u0131 verilir.[\/vc_column_text][\/vc_column_inner][vc_column_inner width=&#8221;1\/3&#8243;][vc_single_image image=&#8221;18094&#8243; img_size=&#8221;full&#8221; alignment=&#8221;center&#8221; css_animation=&#8221;fadeInDown&#8221;][\/vc_column_inner][\/vc_row_inner][\/vc_column][\/vc_row][vc_row full_width=&#8221;stretch_row_content_no_spaces&#8221; el_class=&#8221;clean-wc-row&#8221;][vc_column][vc_row_inner][vc_column_inner width=&#8221;1\/2&#8243;][vc_single_image image=&#8221;18099&#8243; img_size=&#8221;full&#8221; alignment=&#8221;center&#8221; css_animation=&#8221;fadeInUp&#8221;][\/vc_column_inner][vc_column_inner el_class=&#8221;text-white&#8221; width=&#8221;1\/2&#8243; css=&#8221;.vc_custom_1654241440241{border-right-width: 10px !important;padding-left: 10px !important;border-right-color: #e8e8e8 !important;}&#8221;][vc_column_text]<\/p>\n<div style=\"font-size: 15px;\">\n<p><span style=\"color: #003300;\">Basitle\u015ftirilmi\u015f bir program kapsam\u0131nda yat\u0131r\u0131m yoluyla T\u00fcrk vatanda\u015fl\u0131\u011f\u0131 elde etmek istiyorsan\u0131z, lisansl\u0131 \u015firket DAISY HOMES ALANYA, T\u00fcrkiye&#8217;de gayrimenkul sat\u0131n almak i\u00e7in verilen hizmetlerin bir par\u00e7as\u0131 olarak, vatanda\u015fl\u0131\u011f\u0131n elde edilmesinde kapsaml\u0131 yard\u0131m sa\u011flar:<\/span><\/p>\n<p><span style=\"color: #003300;\">400.000 ABD dolar\u0131 kadastral de\u011feri olan m\u00fclkler i\u00e7in en iyi se\u00e7enekleri sunmak<\/span><br \/>\n<span style=\"color: #003300;\">Vatanda\u015fl\u0131k ba\u015fvuru s\u00fcrecinde profesyonel dan\u0131\u015fmanl\u0131k sa\u011flanmas\u0131<\/span><br \/>\n<span style=\"color: #003300;\">G\u00f6\u00e7 mevzuat\u0131 kurallar\u0131na uygun herhangi bir yanl\u0131\u015fl\u0131k veya yanl\u0131\u015fl\u0131\u011f\u0131n \u00f6nlenmesi i\u00e7in gerekli belgelerin toplanmas\u0131nda yard\u0131m<\/span><br \/>\n<span style=\"color: #003300;\">M\u00fc\u015fteri ad\u0131na sunulan bir ba\u015fvurunun sonu\u00e7lar\u0131n\u0131n al\u0131nmas\u0131<\/span><br \/>\n<span style=\"color: #003300;\">Ba\u015fvuruya ba\u015far\u0131l\u0131 bir \u015fekilde yan\u0131t verilmesinin ard\u0131ndan sonraki ad\u0131mlar\u0131n ve gereksinimlerin tamamlanmas\u0131nda yard\u0131m<\/span><\/p>\n<\/div>\n<p>[\/vc_column_text][\/vc_column_inner][\/vc_row_inner][\/vc_column][\/vc_row][vc_row full_width=&#8221;stretch_row_content_no_spaces&#8221; css=&#8221;.vc_custom_1668681198770{background: #252c40 url(https:\/\/daisyhomesalanya.com\/wp-content\/uploads\/2022\/06\/fon.jpg?id=7591) !important;}&#8221; el_class=&#8221;asking-row&#8221;][vc_column][vc_row_inner][vc_column_inner width=&#8221;1\/2&#8243;][vc_single_image image=&#8221;18532&#8243; img_size=&#8221;full&#8221; alignment=&#8221;center&#8221; style=&#8221;vc_box_outline_circle&#8221;][\/vc_column_inner][vc_column_inner width=&#8221;1\/2&#8243; css=&#8221;.vc_custom_1668681224075{background-color: #252c40 !important;}&#8221;][vc_column_text]<\/p>\n<div style=\"color: #fff;\">\n<h4 class=\"title\">T\u00fcrkiye&#8217;de ev sat\u0131n alma prosed\u00fcr\u00fc hakk\u0131nda hala sorular\u0131n\u0131z m\u0131 var?<\/h4>\n<h5 class=\"title\">\u0130leti\u015fim bilgilerinizi b\u0131rak\u0131n, temsilcilerimiz k\u0131sa s\u00fcre i\u00e7inde sizinle ileti\u015fime ge\u00e7ecektir.<\/h5>\n<\/div>\n<p>[\/vc_column_text][vc_btn title=&#8221;Dan\u0131\u015fmanl\u0131k Al\u0131n&#8221; style=&#8221;custom&#8221; custom_background=&#8221;#81d742&#8243; custom_text=&#8221;#ffffff&#8221; align=&#8221;center&#8221; el_class=&#8221;js-inquiry-toggle js-modal-callmeback&#8221;][\/vc_column_inner][\/vc_row_inner][\/vc_column][\/vc_row]<\/p>\n","protected":false},"excerpt":{"rendered":"<p>[vc_row full_width=&#8221;stretch_row_content_no_spaces&#8221;][vc_column][vc_empty_space height=&#8221;52px&#8221;][vc_custom_heading text=&#8221;Yat\u0131r\u0131m yoluyla T\u00fcrkiye&#8217;de vatanda\u015fl\u0131k&#8221; font_container=&#8221;tag:h1|text_align:center&#8221;][vc_empty_space height=&#8221;52px&#8221;][vc_row_inner css=&#8221;.vc_custom_1654155606352{margin-right: 30px !important;margin-left: 30px !important;}&#8221;][vc_column_inner width=&#8221;2\/3&#8243; css=&#8221;.vc_custom_1654155648058{padding-right: 50px !important;padding-left: 50px !important;}&#8221;][vc_column_text]T\u00fcrk vatanda\u015fl\u0131\u011f\u0131, yabanc\u0131lara bir dizi nesnel nedenden dolay\u0131 verilebilir. Daha \u00f6nce \u00e7o\u011fu durumda vatanda\u015fl\u0131\u011fa kabul veya evlilik yoluyla bir T\u00fcrk pasaportu almak m\u00fcmk\u00fcn olsayd\u0131, bug\u00fcn devlet, ekonomisine yat\u0131r\u0131m yaparak basitle\u015ftirilmi\u015f bir program kapsam\u0131nda \u00fclkenin vatanda\u015f\u0131 olmak [&hellip;]<\/p>\n","protected":false},"author":5,"featured_media":0,"parent":0,"menu_order":0,"comment_status":"closed","ping_status":"closed","template":"","meta":{"inline_featured_image":false,"footnotes":""},"class_list":["post-7618","page","type-page","status-publish","hentry"],"_links":{"self":[{"href":"https:\/\/daisyhomesalanya.com\/tr\/wp-json\/wp\/v2\/pages\/7618","targetHints":{"allow":["GET"]}}],"collection":[{"href":"https:\/\/daisyhomesalanya.com\/tr\/wp-json\/wp\/v2\/pages"}],"about":[{"href":"https:\/\/daisyhomesalanya.com\/tr\/wp-json\/wp\/v2\/types\/page"}],"author":[{"embeddable":true,"href":"https:\/\/daisyhomesalanya.com\/tr\/wp-json\/wp\/v2\/users\/5"}],"replies":[{"embeddable":true,"href":"https:\/\/daisyhomesalanya.com\/tr\/wp-json\/wp\/v2\/comments?post=7618"}],"version-history":[{"count":36,"href":"https:\/\/daisyhomesalanya.com\/tr\/wp-json\/wp\/v2\/pages\/7618\/revisions"}],"predecessor-version":[{"id":18586,"href":"https:\/\/daisyhomesalanya.com\/tr\/wp-json\/wp\/v2\/pages\/7618\/revisions\/18586"}],"wp:attachment":[{"href":"https:\/\/daisyhomesalanya.com\/tr\/wp-json\/wp\/v2\/media?parent=7618"}],"curies":[{"name":"wp","href":"https:\/\/api.w.org\/{rel}","templated":true}]}}