{"id":7609,"date":"2022-06-02T17:34:41","date_gmt":"2022-06-02T17:34:41","guid":{"rendered":"https:\/\/daisyhomesalanya.com\/?page_id=7609"},"modified":"2022-11-17T09:52:28","modified_gmt":"2022-11-17T09:52:28","slug":"freeinspectiontour","status":"publish","type":"page","link":"https:\/\/daisyhomesalanya.com\/tr\/freeinspectiontour\/","title":{"rendered":"\u00dcCRETS\u0130Z EMLAK \u0130NCELEME GEZ\u0130S\u0130"},"content":{"rendered":"<p>[vc_row full_width=&#8221;stretch_row_content_no_spaces&#8221;][vc_column][vc_empty_space height=&#8221;52px&#8221;][vc_custom_heading text=&#8221;\u00dcCRETS\u0130Z EMLAK \u0130NCELEME GEZ\u0130S\u0130&#8221; font_container=&#8221;tag:h1|text_align:center&#8221;][vc_empty_space height=&#8221;52px&#8221;][vc_row_inner css=&#8221;.vc_custom_1654155606352{margin-right: 30px !important;margin-left: 30px !important;}&#8221;][vc_column_inner width=&#8221;1\/2&#8243; css=&#8221;.vc_custom_1654155648058{padding-right: 50px !important;padding-left: 50px !important;}&#8221;][vc_column_text]T\u00fcrkiye&#8217;de m\u00fclk sat\u0131n al\u0131rken, al\u0131c\u0131n\u0131n her bak\u0131mdan ideal se\u00e7ene\u011fi se\u00e7mesi, t\u00fcm n\u00fcanslar\u0131 dikkate almas\u0131, finansal yeteneklerini ve isteklerini sat\u0131n alma hedefleriyle kar\u015f\u0131la\u015ft\u0131rmas\u0131 \u00f6nemlidir.<\/p>\n<p>T\u00fcrk konutlar\u0131 sadece metrekareden ibaret de\u011fildir, bunlar \u00e7e\u015fitli \u00f6zellikleri i\u00e7eren m\u00fclklerdir: konum, denize uzakl\u0131k, in\u015faat i\u015flerinin kalitesi, altyap\u0131n\u0131n mevcudiyeti, planlama \u00e7\u00f6z\u00fcmleri ve \u00e7ok daha fazlas\u0131.<\/p>\n<p><strong>T\u00fcrkiye&#8217;ye \u015fahsen bir ziyaret s\u0131ras\u0131nda t\u00fcm bunlar\u0131 tam olarak deneyimlemek en iyisidir.<\/strong><\/p>\n<p>Bu nedenle lisansl\u0131 emlak ofisi BEST INVEST, T\u00fcrkiye&#8217;deki m\u00fclklerin t\u00fcm al\u0131c\u0131lar\u0131 i\u00e7in \u00fccretsiz bir inceleme turu hizmeti sunmaktad\u0131r.<\/p>\n<p>Deneyimlerimiz, her m\u00fc\u015fterinin bireysel ihtiya\u00e7lar\u0131na odaklanarak, gayrimenkul sat\u0131n almak i\u00e7in inceleme turlar\u0131 program\u0131n\u0131 en k\u00fc\u00e7\u00fck ayr\u0131nt\u0131s\u0131na kadar d\u00fc\u015f\u00fcnmemize izin verdi. B\u00f6ylece sadece maksimum tavsiyeyi almak ve sevdi\u011finiz nesneleri g\u00f6rmekle kalmaz, ayn\u0131 zamanda \u00fclkenin en iyi tatil b\u00f6lgelerinden birinde keyifli zaman\u0131n tad\u0131n\u0131 \u00e7\u0131karmak i\u00e7in de zaman\u0131n\u0131z olur.[\/vc_column_text][\/vc_column_inner][vc_column_inner width=&#8221;1\/2&#8243;][vc_single_image image=&#8221;18295&#8243; img_size=&#8221;full&#8221; alignment=&#8221;center&#8221; css_animation=&#8221;fadeInDown&#8221;][\/vc_column_inner][\/vc_row_inner][\/vc_column][\/vc_row][vc_row full_width=&#8221;stretch_row_content_no_spaces&#8221; css=&#8221;.vc_custom_1654192034425{background-color: #252c40 !important;}&#8221; el_class=&#8221;clean-wc-row&#8221;][vc_column][vc_row_inner][vc_column_inner width=&#8221;1\/3&#8243;][vc_empty_space height=&#8221;100px&#8221;][vc_single_image image=&#8221;18309&#8243; img_size=&#8221;full&#8221; style=&#8221;vc_box_outline_circle&#8221;][\/vc_column_inner][vc_column_inner el_class=&#8221;text-white&#8221; width=&#8221;1\/3&#8243; css=&#8221;.vc_custom_1654241329061{border-right-width: 10px !important;padding-left: 10px !important;border-right-color: #e8e8e8 !important;}&#8221;][vc_empty_space][vc_column_text]<\/p>\n<div style=\"font-size: 15px;\">\n<h3><\/h3>\n<h3><\/h3>\n<h3>Emlak \u0130nceme Turu program\u0131na neler dahildir?<\/h3>\n<ul>\n<li>Tur s\u00fcresi 3 g\u00fcn 4 gecedir. Bu, birbirinizi tan\u0131mak, etraf\u0131 gezmek ve bilin\u00e7li bir se\u00e7im yapmak i\u00e7in iyi bir zamand\u0131r. Al\u0131c\u0131n\u0131n talebi \u00fczerine kal\u0131\u015f s\u00fcresi ayarlanabilir.<\/li>\n<li>Havaalan\u0131ndan ikamet yerine transfer.<\/li>\n<li>Otel tipi bir konut kompleksinde veya konforlu dairelerde bir otelde konaklama.<\/li>\n<li>Kalifiye bir y\u00f6netici e\u015fli\u011finde be\u011fendi\u011finiz m\u00fclk\u00fcn g\u00f6sterimini yapmak ve t\u00fcm sat\u0131n alma ve kay\u0131t konular\u0131nda tavsiyelerde bulunmak.<\/li>\n<li>Evraklar\u0131n haz\u0131rlanmas\u0131 ve sat\u0131\u015f s\u00f6zle\u015fmesinin imzalanmas\u0131.<\/li>\n<\/ul>\n<\/div>\n<p>[\/vc_column_text][\/vc_column_inner][vc_column_inner width=&#8221;1\/3&#8243; css=&#8221;.vc_custom_1654170921454{margin-top: 90px !important;margin-bottom: 90px !important;}&#8221;][vc_single_image image=&#8221;18305&#8243; img_size=&#8221;full&#8221; alignment=&#8221;center&#8221; style=&#8221;vc_box_outline_circle&#8221; css_animation=&#8221;fadeInUp&#8221;][\/vc_column_inner][\/vc_row_inner][\/vc_column][\/vc_row][vc_row full_width=&#8221;stretch_row_content_no_spaces&#8221; css=&#8221;.vc_custom_1654191803373{background-color: #eaebed !important;}&#8221;][vc_column][vc_column_text css=&#8221;.vc_custom_1668678229268{margin-right: 50px !important;margin-left: 50px !important;}&#8221;]<strong>Bir m\u00fclk sat\u0131n al\u0131rken bir \u00e7al\u0131\u015fma gezisinin maliyeti DAISY HOMES ALANYA \u015firketi taraf\u0131ndan kar\u015f\u0131lan\u0131r. Sat\u0131n al\u0131nan m\u00fclk\u00fcn de\u011ferine ba\u011fl\u0131 olarak \u015firket, m\u00fc\u015fterinin u\u00e7ak bileti masraflar\u0131n\u0131 k\u0131smen veya tamamen kar\u015f\u0131lar.<\/strong>[\/vc_column_text][\/vc_column][\/vc_row][vc_row full_width=&#8221;stretch_row_content_no_spaces&#8221; css=&#8221;.vc_custom_1654172078680{background-image: url(https:\/\/daisyhomesalanya.com\/wp-content\/uploads\/2022\/06\/fon.jpg?id=7591) !important;}&#8221; el_class=&#8221;asking-row&#8221;][vc_column][vc_row_inner][vc_column_inner width=&#8221;1\/2&#8243;][vc_single_image image=&#8221;18532&#8243; img_size=&#8221;Full&#8221; alignment=&#8221;center&#8221; style=&#8221;vc_box_outline_circle&#8221;][\/vc_column_inner][vc_column_inner width=&#8221;1\/2&#8243;][vc_column_text]<\/p>\n<h4><span style=\"color: #2c6649;\">T\u00fcrkiye&#8217;de ev sat\u0131n alma prosed\u00fcr\u00fc hakk\u0131nda hala sorular\u0131n\u0131z m\u0131 var? <\/span><\/h4>\n<h5><span style=\"color: #2c6649;\">\u0130leti\u015fim bilgilerinizi b\u0131rak\u0131n, y\u00f6neticimiz k\u0131sa s\u00fcre i\u00e7inde sizinle ileti\u015fime ge\u00e7ecektir.<\/span><\/h5>\n<p>[\/vc_column_text][vc_btn title=&#8221;Dan\u0131\u015fmanl\u0131k Almak \u0130\u00e7in&#8221; style=&#8221;custom&#8221; custom_background=&#8221;#81d742&#8243; custom_text=&#8221;#ffffff&#8221; align=&#8221;center&#8221; el_class=&#8221;js-inquiry-toggle js-modal-callmeback&#8221;][\/vc_column_inner][\/vc_row_inner][\/vc_column][\/vc_row]<\/p>\n","protected":false},"excerpt":{"rendered":"<p>[vc_row full_width=&#8221;stretch_row_content_no_spaces&#8221;][vc_column][vc_empty_space height=&#8221;52px&#8221;][vc_custom_heading text=&#8221;\u00dcCRETS\u0130Z EMLAK \u0130NCELEME GEZ\u0130S\u0130&#8221; font_container=&#8221;tag:h1|text_align:center&#8221;][vc_empty_space height=&#8221;52px&#8221;][vc_row_inner css=&#8221;.vc_custom_1654155606352{margin-right: 30px !important;margin-left: 30px !important;}&#8221;][vc_column_inner width=&#8221;1\/2&#8243; css=&#8221;.vc_custom_1654155648058{padding-right: 50px !important;padding-left: 50px !important;}&#8221;][vc_column_text]T\u00fcrkiye&#8217;de m\u00fclk sat\u0131n al\u0131rken, al\u0131c\u0131n\u0131n her bak\u0131mdan ideal se\u00e7ene\u011fi se\u00e7mesi, t\u00fcm n\u00fcanslar\u0131 dikkate almas\u0131, finansal yeteneklerini ve isteklerini sat\u0131n alma hedefleriyle kar\u015f\u0131la\u015ft\u0131rmas\u0131 \u00f6nemlidir. T\u00fcrk konutlar\u0131 sadece metrekareden ibaret de\u011fildir, bunlar \u00e7e\u015fitli \u00f6zellikleri i\u00e7eren m\u00fclklerdir: konum, denize [&hellip;]<\/p>\n","protected":false},"author":5,"featured_media":0,"parent":0,"menu_order":0,"comment_status":"closed","ping_status":"closed","template":"","meta":{"inline_featured_image":false,"footnotes":""},"class_list":["post-7609","page","type-page","status-publish","hentry"],"_links":{"self":[{"href":"https:\/\/daisyhomesalanya.com\/tr\/wp-json\/wp\/v2\/pages\/7609","targetHints":{"allow":["GET"]}}],"collection":[{"href":"https:\/\/daisyhomesalanya.com\/tr\/wp-json\/wp\/v2\/pages"}],"about":[{"href":"https:\/\/daisyhomesalanya.com\/tr\/wp-json\/wp\/v2\/types\/page"}],"author":[{"embeddable":true,"href":"https:\/\/daisyhomesalanya.com\/tr\/wp-json\/wp\/v2\/users\/5"}],"replies":[{"embeddable":true,"href":"https:\/\/daisyhomesalanya.com\/tr\/wp-json\/wp\/v2\/comments?post=7609"}],"version-history":[{"count":21,"href":"https:\/\/daisyhomesalanya.com\/tr\/wp-json\/wp\/v2\/pages\/7609\/revisions"}],"predecessor-version":[{"id":18555,"href":"https:\/\/daisyhomesalanya.com\/tr\/wp-json\/wp\/v2\/pages\/7609\/revisions\/18555"}],"wp:attachment":[{"href":"https:\/\/daisyhomesalanya.com\/tr\/wp-json\/wp\/v2\/media?parent=7609"}],"curies":[{"name":"wp","href":"https:\/\/api.w.org\/{rel}","templated":true}]}}