{"id":7606,"date":"2022-06-02T17:32:59","date_gmt":"2022-06-02T17:32:59","guid":{"rendered":"https:\/\/daisyhomesalanya.com\/?page_id=7606"},"modified":"2022-11-17T09:16:22","modified_gmt":"2022-11-17T09:16:22","slug":"buyingpropertyonline","status":"publish","type":"page","link":"https:\/\/daisyhomesalanya.com\/tr\/buyingpropertyonline\/","title":{"rendered":"ONLINE M\u00dcLK SATIN ALMAK"},"content":{"rendered":"<p>[vc_row full_width=&#8221;stretch_row_content_no_spaces&#8221;][vc_column][vc_empty_space height=&#8221;52px&#8221;][vc_custom_heading text=&#8221;ONLINE M\u00dcLK SATIN ALMAK&#8221; font_container=&#8221;tag:h1|text_align:center&#8221;][vc_empty_space height=&#8221;52px&#8221;][vc_row_inner css=&#8221;.vc_custom_1654155606352{margin-right: 30px !important;margin-left: 30px !important;}&#8221;][vc_column_inner width=&#8221;1\/2&#8243; css=&#8221;.vc_custom_1654155648058{padding-right: 50px !important;padding-left: 50px !important;}&#8221;][vc_column_text]<strong>T\u00fcrkiye&#8217;nin tatil b\u00f6lgelerindeki gayrimenkuller her zaman talep g\u00f6rm\u00fc\u015ft\u00fcr.<\/strong><\/p>\n<p>\u015ea\u015f\u0131rt\u0131c\u0131 de\u011fil, \u00e7\u00fcnk\u00fc yurtd\u0131\u015f\u0131nda bir ev sat\u0131n almak isteyen bir\u00e7ok yabanc\u0131n\u0131n hayalini kurdu\u011fu her \u015fey burada bulunuyor: harika bir iklim ve berrak bir deniz, sadece deniz tatil yerleri de\u011fil, ayn\u0131 zamanda kayak merkezleri, kapl\u0131calar, e\u015fsiz do\u011fal ve tarihi yerler, nispeten d\u00fc\u015f\u00fck ya\u015fam maliyetleri, d\u00fc\u015f\u00fck y\u0131ll\u0131k vergiler ile y\u00fcksek ya\u015fam standard\u0131.<\/p>\n<p>\u00d6te yandan, T\u00fcrkiye&#8217;de bir daire sahibi olman\u0131n yan\u0131 s\u0131ra, mal sahibi, m\u00fcmk\u00fcn olan en k\u0131sa s\u00fcrede iyi bir geri \u00f6deme ile karl\u0131 bir sermaye yat\u0131r\u0131m\u0131 ve ayr\u0131ca\u00a0 oturma izni al\u0131r.<\/p>\n<p><strong>T\u00fcrk emlak piyasas\u0131 \u00e7ok \u00e7e\u015fitli nesneler sunmaya haz\u0131r<\/strong>: in\u015faat \u015firketinden ucuz dairelerden ve ikincil piyasadaki dairelerden modern konut komplekslerindeki l\u00fcks \u00e7at\u0131 katlar\u0131na, deniz kenar\u0131ndaki evlere ve l\u00fcks do\u011fan\u0131n muhte\u015fem panoramik manzaras\u0131na sahip l\u00fcks villalara kadar.[\/vc_column_text][\/vc_column_inner][vc_column_inner width=&#8221;1\/2&#8243;][vc_single_image image=&#8221;18246&#8243; img_size=&#8221;full&#8221; alignment=&#8221;center&#8221; css_animation=&#8221;fadeInDown&#8221;][\/vc_column_inner][\/vc_row_inner][\/vc_column][\/vc_row][vc_row full_width=&#8221;stretch_row_content_no_spaces&#8221; css=&#8221;.vc_custom_1654172078680{background-image: url(https:\/\/daisyhomesalanya.com\/wp-content\/uploads\/2022\/06\/fon.jpg?id=7591) !important;}&#8221; el_class=&#8221;asking-row&#8221;][vc_column][vc_row_inner][vc_column_inner width=&#8221;1\/2&#8243;][vc_single_image image=&#8221;18532&#8243; img_size=&#8221;full&#8221; alignment=&#8221;center&#8221; style=&#8221;vc_box_outline_circle&#8221;][\/vc_column_inner][vc_column_inner width=&#8221;1\/2&#8243;][vc_column_text]<\/p>\n<h4><span style=\"color: #2c6649;\">T\u00fcrkiye&#8217;de ev sat\u0131n alma prosed\u00fcr\u00fc hakk\u0131nda hala sorular\u0131n\u0131z m\u0131 var? <\/span><\/h4>\n<h5><span style=\"color: #2c6649;\">\u0130leti\u015fim bilgilerinizi b\u0131rak\u0131n, y\u00f6neticimiz k\u0131sa s\u00fcre i\u00e7inde sizinle ileti\u015fime ge\u00e7ecektir.<\/span><\/h5>\n<p>[\/vc_column_text][vc_btn title=&#8221;Dan\u0131\u015fmanl\u0131k Almak \u0130\u00e7in&#8221; style=&#8221;custom&#8221; custom_background=&#8221;#81d742&#8243; custom_text=&#8221;#ffffff&#8221; align=&#8221;center&#8221; el_class=&#8221;js-inquiry-toggle js-modal-callmeback&#8221;][\/vc_column_inner][\/vc_row_inner][\/vc_column][\/vc_row]<\/p>\n","protected":false},"excerpt":{"rendered":"<p>[vc_row full_width=&#8221;stretch_row_content_no_spaces&#8221;][vc_column][vc_empty_space height=&#8221;52px&#8221;][vc_custom_heading text=&#8221;ONLINE M\u00dcLK SATIN ALMAK&#8221; font_container=&#8221;tag:h1|text_align:center&#8221;][vc_empty_space height=&#8221;52px&#8221;][vc_row_inner css=&#8221;.vc_custom_1654155606352{margin-right: 30px !important;margin-left: 30px !important;}&#8221;][vc_column_inner width=&#8221;1\/2&#8243; css=&#8221;.vc_custom_1654155648058{padding-right: 50px !important;padding-left: 50px !important;}&#8221;][vc_column_text]T\u00fcrkiye&#8217;nin tatil b\u00f6lgelerindeki gayrimenkuller her zaman talep g\u00f6rm\u00fc\u015ft\u00fcr. \u015ea\u015f\u0131rt\u0131c\u0131 de\u011fil, \u00e7\u00fcnk\u00fc yurtd\u0131\u015f\u0131nda bir ev sat\u0131n almak isteyen bir\u00e7ok yabanc\u0131n\u0131n hayalini kurdu\u011fu her \u015fey burada bulunuyor: harika bir iklim ve berrak bir deniz, sadece deniz tatil yerleri [&hellip;]<\/p>\n","protected":false},"author":5,"featured_media":0,"parent":0,"menu_order":0,"comment_status":"closed","ping_status":"closed","template":"","meta":{"inline_featured_image":false,"footnotes":""},"class_list":["post-7606","page","type-page","status-publish","hentry"],"_links":{"self":[{"href":"https:\/\/daisyhomesalanya.com\/tr\/wp-json\/wp\/v2\/pages\/7606","targetHints":{"allow":["GET"]}}],"collection":[{"href":"https:\/\/daisyhomesalanya.com\/tr\/wp-json\/wp\/v2\/pages"}],"about":[{"href":"https:\/\/daisyhomesalanya.com\/tr\/wp-json\/wp\/v2\/types\/page"}],"author":[{"embeddable":true,"href":"https:\/\/daisyhomesalanya.com\/tr\/wp-json\/wp\/v2\/users\/5"}],"replies":[{"embeddable":true,"href":"https:\/\/daisyhomesalanya.com\/tr\/wp-json\/wp\/v2\/comments?post=7606"}],"version-history":[{"count":14,"href":"https:\/\/daisyhomesalanya.com\/tr\/wp-json\/wp\/v2\/pages\/7606\/revisions"}],"predecessor-version":[{"id":18548,"href":"https:\/\/daisyhomesalanya.com\/tr\/wp-json\/wp\/v2\/pages\/7606\/revisions\/18548"}],"wp:attachment":[{"href":"https:\/\/daisyhomesalanya.com\/tr\/wp-json\/wp\/v2\/media?parent=7606"}],"curies":[{"name":"wp","href":"https:\/\/api.w.org\/{rel}","templated":true}]}}