{"id":7604,"date":"2022-06-02T17:03:08","date_gmt":"2022-06-02T17:03:08","guid":{"rendered":"https:\/\/daisyhomesalanya.com\/?page_id=7604"},"modified":"2022-11-17T09:37:06","modified_gmt":"2022-11-17T09:37:06","slug":"procedureofbuyingpropertyinturkey","status":"publish","type":"page","link":"https:\/\/daisyhomesalanya.com\/tr\/procedureofbuyingpropertyinturkey\/","title":{"rendered":"T\u00dcRK\u0130YE&#8217;DE M\u00dcLK SATIN ALMA PROSED\u00dcR\u00dc"},"content":{"rendered":"<p>[vc_row full_width=&#8221;stretch_row_content_no_spaces&#8221;][vc_column][vc_empty_space height=&#8221;52px&#8221;][vc_custom_heading text=&#8221;T\u00dcRK\u0130YE&#8217;DE M\u00dcLK SATIN ALMA PROSED\u00dcR\u00dc&#8221; font_container=&#8221;tag:h1|text_align:center&#8221; google_fonts=&#8221;font_family:Ubuntu%3A300%2C300italic%2Cregular%2Citalic%2C500%2C500italic%2C700%2C700italic|font_style:400%20regular%3A400%3Anormal&#8221;][vc_empty_space height=&#8221;52px&#8221;][vc_row_inner css=&#8221;.vc_custom_1654155606352{margin-right: 30px !important;margin-left: 30px !important;}&#8221;][vc_column_inner width=&#8221;1\/2&#8243; css=&#8221;.vc_custom_1654155648058{padding-right: 50px !important;padding-left: 50px !important;}&#8221;][vc_column_text]Yurtd\u0131\u015f\u0131nda gayrimenkul edinimi, sat\u0131n alma sonucunun al\u0131c\u0131y\u0131 tam olarak tatmin etmesinin muhtemel olmad\u0131\u011f\u0131 bilgisi olmadan bir\u00e7ok n\u00fcansla ili\u015fkilidir.<\/p>\n<p>Gelecekteki mal sahibinin yaln\u0131zca do\u011fru konutu se\u00e7mesi de\u011fil, ayn\u0131 zamanda i\u015flemin t\u00fcm a\u015famalar\u0131n\u0131, belgelerin do\u011frulanmas\u0131 ve haz\u0131rlanmas\u0131n\u0131, ilgili maliyetleri ve m\u00fclk\u00fcn bak\u0131m\u0131n\u0131 anlamas\u0131 gerekir.<\/p>\n<p>T\u00fcrkiye&#8217;de m\u00fclk sat\u0131n al\u0131yorsan\u0131z, en iyi karar, lisansl\u0131 bir emlak acentesi olan DAISY HOMES ALANYA&#8217;n\u0131n deste\u011fini almakt\u0131r.<\/p>\n<p>Uzmanlar\u0131m\u0131z T\u00fcrk mevzuat\u0131n\u0131 tam olarak bilmekte, i\u015flem i\u00e7in tam destek sa\u011flamakta ve ilgili sorunlar\u0131n \u00e7\u00f6z\u00fclmesine yard\u0131mc\u0131 olmaktad\u0131r.<\/p>\n<p>T\u00fcrkiye&#8217;de bir ev sat\u0131n alma prosed\u00fcr\u00fc birka\u00e7 a\u015famadan olu\u015fur:[\/vc_column_text][\/vc_column_inner][vc_column_inner width=&#8221;1\/2&#8243;][vc_single_image image=&#8221;18118&#8243; img_size=&#8221;full&#8221; alignment=&#8221;center&#8221; css_animation=&#8221;fadeInDown&#8221;][\/vc_column_inner][\/vc_row_inner][\/vc_column][\/vc_row][vc_row full_width=&#8221;stretch_row_content_no_spaces&#8221; css=&#8221;.vc_custom_1668590685016{background-color: #b5bed1 !important;}&#8221;][vc_column width=&#8221;1\/3&#8243;][vc_custom_heading text=&#8221;1&#8243; font_container=&#8221;tag:h2|font_size:120px|text_align:center|color:%23ffffff&#8221; google_fonts=&#8221;font_family:Open%20Sans%20Condensed%3A300%2C300italic%2C700|font_style:700%20bold%20regular%3A700%3Anormal&#8221; css=&#8221;.vc_custom_1654170910107{margin-top: 90px !important;margin-bottom: 90px !important;}&#8221;][\/vc_column][vc_column width=&#8221;1\/3&#8243;][vc_column_text]<\/p>\n<p style=\"text-align: center;\"><strong>Emlak Se\u00e7imi<\/strong><\/p>\n<p style=\"text-align: center;\">DAISY HOMES ALANYA acentesinin web sitesi, T\u00fcrkiye&#8217;nin en iyi b\u00f6lgelerinde bulunan m\u00fclklerin b\u00fcy\u00fck bir veritaban\u0131n\u0131 sunar:<\/p>\n<ol style=\"text-align: center;\">\n<li>Geli\u015ftiriciden \u00f6zellikler<\/li>\n<li>\u0130kincil piyasadaki m\u00fclkler<\/li>\n<li>\u00f6zel teklifler<\/li>\n<li>&#8220;S\u0131cak&#8221; teklifler<\/li>\n<\/ol>\n<p style=\"text-align: center;\">Y\u00f6neticilerimiz, tercihlerinize ve b\u00fct\u00e7enize g\u00f6re en uygun se\u00e7enekleri se\u00e7menize hemen yard\u0131mc\u0131 olacakt\u0131r.<\/p>\n<p>[\/vc_column_text][\/vc_column][vc_column width=&#8221;1\/3&#8243;][vc_single_image image=&#8221;18120&#8243; img_size=&#8221;full&#8221; alignment=&#8221;center&#8221; style=&#8221;vc_box_outline_circle&#8221; css_animation=&#8221;fadeInUp&#8221;][\/vc_column][\/vc_row][vc_row full_width=&#8221;stretch_row_content_no_spaces&#8221; css=&#8221;.vc_custom_1668590748879{background-color: #c4ae89 !important;}&#8221; el_class=&#8221;clean-wc-row&#8221;][vc_column width=&#8221;1\/3&#8243; css=&#8221;.vc_custom_1654240909793{padding-right: 30px !important;padding-left: 30px !important;}&#8221; el_class=&#8221;text-white&#8221;][vc_empty_space][vc_column_text]<strong>Muayene Turu<\/strong><\/p>\n<p>Profesyonelce organize edilmi\u015f bir g\u00f6r\u00fcnt\u00fcleme, dan\u0131\u015fmanl\u0131k yard\u0131m\u0131 ve gizli &#8220;canl\u0131&#8221; ileti\u015fimin ba\u015far\u0131l\u0131 bir gayrimenkul sat\u0131n alman\u0131n anahtar\u0131 oldu\u011funa eminiz, bu nedenle sizi DAISY HOMES ALANYA&#8217;dan \u00fccretsiz bir inceleme turuna davet ediyoruz.<\/p>\n<p>Bu, T\u00fcrkiye&#8217;ye gelip be\u011fendi\u011finiz nesneleri se\u00e7mek i\u00e7in e\u015fsiz bir f\u0131rsat!<\/p>\n<p>Sizi havaalan\u0131nda kar\u015f\u0131layaca\u011f\u0131z, konforlu dairelerde a\u011f\u0131rlayaca\u011f\u0131z, bir g\u00f6r\u00fcnt\u00fcleme ayarlayaca\u011f\u0131z ve t\u00fcm konularda tavsiyelerde bulunaca\u011f\u0131z.<\/p>\n<p>Herhangi bir nedenle gelemeyecek olursan\u0131z, size \u00e7evrimi\u00e7i m\u00fclk sat\u0131n alma f\u0131rsat\u0131 sunuyoruz.[\/vc_column_text][\/vc_column][vc_column width=&#8221;1\/3&#8243;][vc_empty_space height=&#8221;65px&#8221;][vc_single_image image=&#8221;18137&#8243; img_size=&#8221;full&#8221; alignment=&#8221;center&#8221; style=&#8221;vc_box_outline_circle&#8221; css_animation=&#8221;fadeInDown&#8221;][\/vc_column][vc_column css_animation=&#8221;fadeInDown&#8221; width=&#8221;1\/3&#8243; css=&#8221;.vc_custom_1668590769511{background-color: #c4ae89 !important;}&#8221;][vc_custom_heading text=&#8221;2&#8243; font_container=&#8221;tag:h2|font_size:120px|text_align:center|color:%23252c40&#8243; google_fonts=&#8221;font_family:Open%20Sans%20Condensed%3A300%2C300italic%2C700|font_style:700%20bold%20regular%3A700%3Anormal&#8221; css=&#8221;.vc_custom_1654171484040{padding-top: 133px !important;padding-bottom: 133px !important;}&#8221;][\/vc_column][\/vc_row][vc_row full_width=&#8221;stretch_row_content_no_spaces&#8221; css=&#8221;.vc_custom_1668590842917{background-color: #c49b54 !important;}&#8221;][vc_column][vc_row_inner][vc_column_inner width=&#8221;1\/3&#8243;][vc_custom_heading text=&#8221;3&#8243; font_container=&#8221;tag:h2|font_size:120px|text_align:center|color:%23ffffff&#8221; google_fonts=&#8221;font_family:Open%20Sans%20Condensed%3A300%2C300italic%2C700|font_style:700%20bold%20regular%3A700%3Anormal&#8221; css=&#8221;.vc_custom_1668590482688{margin-top: 90px !important;margin-bottom: 90px !important;}&#8221;][\/vc_column_inner][vc_column_inner el_class=&#8221;text-white&#8221; width=&#8221;1\/3&#8243; css=&#8221;.vc_custom_1654240984462{border-right-width: 1px !important;border-right-color: #e8e8e8 !important;}&#8221;][vc_column_text]<\/p>\n<div class=\"vc_empty_space\">\n<p>Bir Anla\u015fman\u0131n Yap\u0131lmas\u0131<\/p>\n<p>Bir sat\u0131\u015f s\u00f6zle\u015fmesi yapmak i\u00e7in m\u00fc\u015fterinin yan\u0131nda sadece bir pasaportunun olmas\u0131 gerekir.<\/p>\n<p>Bu a\u015famada bir avans \u00f6denir (toplam maliyetin yakla\u015f\u0131k %10&#8217;u kadar) ve al\u0131c\u0131, sat\u0131c\u0131 ve gayrimenkul ile ilgili t\u00fcm bilgilerin yer ald\u0131\u011f\u0131 bir s\u00f6zle\u015fme imzalan\u0131r.<\/p>\n<p>Al\u0131c\u0131 taraf\u0131ndan se\u00e7ilen nesne, DAISY HOMES ALANYA uzmanlar\u0131 taraf\u0131ndan kay\u0131t ve izin belgelerinin, herhangi bir takyidat\u0131n ve mahkeme kararlar\u0131n\u0131n varl\u0131\u011f\u0131 a\u00e7\u0131s\u0131ndan dikkatlice kontrol edilir.<\/p>\n<\/div>\n<p>[\/vc_column_text][\/vc_column_inner][vc_column_inner width=&#8221;1\/3&#8243; css=&#8221;.vc_custom_1654170859905{margin-top: 90px !important;margin-bottom: 90px !important;}&#8221;][vc_single_image image=&#8221;18142&#8243; img_size=&#8221;full&#8221; alignment=&#8221;center&#8221; style=&#8221;vc_box_border_circle&#8221; css_animation=&#8221;fadeInUp&#8221;][\/vc_column_inner][\/vc_row_inner][\/vc_column][\/vc_row][vc_row full_width=&#8221;stretch_row_content_no_spaces&#8221; css=&#8221;.vc_custom_1668590869235{background-color: #8c7462 !important;}&#8221;][vc_column][vc_row_inner][vc_column_inner width=&#8221;1\/3&#8243; css=&#8221;.vc_custom_1654170859905{margin-top: 90px !important;margin-bottom: 90px !important;}&#8221;][vc_single_image image=&#8221;18149&#8243; img_size=&#8221;full&#8221; alignment=&#8221;center&#8221; style=&#8221;vc_box_border_circle&#8221; css_animation=&#8221;fadeInUp&#8221;][\/vc_column_inner][vc_column_inner width=&#8221;1\/3&#8243;][vc_custom_heading text=&#8221;4&#8243; font_container=&#8221;tag:h2|font_size:120px|text_align:center|color:%23ffffff&#8221; google_fonts=&#8221;font_family:Open%20Sans%20Condensed%3A300%2C300italic%2C700|font_style:700%20bold%20regular%3A700%3Anormal&#8221; css=&#8221;.vc_custom_1668590550081{margin-top: 90px !important;margin-bottom: 90px !important;}&#8221;][\/vc_column_inner][vc_column_inner el_class=&#8221;text-white&#8221; width=&#8221;1\/3&#8243; css=&#8221;.vc_custom_1654240984462{border-right-width: 1px !important;border-right-color: #e8e8e8 !important;}&#8221;][vc_empty_space height=&#8221;54px&#8221;][vc_column_text]<strong>M\u00fclk\u00fcn \u00f6demesini yapmak<\/strong><\/p>\n<p>Gelecekte, Al\u0131c\u0131, s\u00f6zle\u015fmede g\u00f6sterilen maddeye uygun olarak m\u00fclk i\u00e7in \u00f6deme yapar. Se\u00e7ilen \u00f6deme plan\u0131na ba\u011fl\u0131 olarak, tek seferlik bir \u00f6deme olabilir veya birka\u00e7 \u00f6deme olabilir.<\/p>\n<p>\u00d6deme, m\u00fclk\u00fcn geli\u015ftiricisine veya sahibine hem gayri nakdi hem de nakit olarak yap\u0131labilir.<\/p>\n<p>\u015eirketimiz, \u00f6deme yapmak i\u00e7in en uygun se\u00e7ene\u011fi se\u00e7menize tam olarak tavsiyede bulunur ve yard\u0131mc\u0131 olur.[\/vc_column_text][\/vc_column_inner][\/vc_row_inner][\/vc_column][\/vc_row][vc_row full_width=&#8221;stretch_row_content_no_spaces&#8221; css=&#8221;.vc_custom_1654157178537{background-color: #252c40 !important;}&#8221;][vc_column][vc_row_inner][vc_column_inner width=&#8221;1\/3&#8243;][vc_custom_heading text=&#8221;5&#8243; font_container=&#8221;tag:h2|font_size:120px|text_align:center|color:%23ffffff&#8221; google_fonts=&#8221;font_family:Open%20Sans%20Condensed%3A300%2C300italic%2C700|font_style:700%20bold%20regular%3A700%3Anormal&#8221; css=&#8221;.vc_custom_1654170843066{margin-top: 90px !important;margin-bottom: 90px !important;}&#8221;][\/vc_column_inner][vc_column_inner el_class=&#8221;text-white&#8221; width=&#8221;1\/3&#8243; css=&#8221;.vc_custom_1654240984462{border-right-width: 1px !important;border-right-color: #e8e8e8 !important;}&#8221;][vc_column_text]<strong>TAPU&#8217;yu Almak<\/strong><\/p>\n<p>T\u00fcrkiye&#8217;de bir ev sat\u0131n alman\u0131n son ad\u0131m\u0131, m\u00fclk\u00fcn yeni sahibine nihai, mutlak ve resmi devrini ifade eden bir TAPU veya tapu belgesi almakt\u0131r.<\/p>\n<p>\u0130\u015flemin bu a\u015famas\u0131 m\u00fcvekkilin bizzat huzurunda ger\u00e7ekle\u015ftirilebilir veya istenirse Al\u0131c\u0131 \u015firketimizin avukat\u0131na noter tasdikli vekaletname b\u0131rakabilir.[\/vc_column_text][\/vc_column_inner][vc_column_inner width=&#8221;1\/3&#8243; css=&#8221;.vc_custom_1654170859905{margin-top: 90px !important;margin-bottom: 90px !important;}&#8221;][vc_single_image image=&#8221;18154&#8243; img_size=&#8221;full&#8221; alignment=&#8221;center&#8221; style=&#8221;vc_box_border_circle&#8221; css_animation=&#8221;fadeInUp&#8221;][\/vc_column_inner][\/vc_row_inner][\/vc_column][\/vc_row][vc_row full_width=&#8221;stretch_row_content_no_spaces&#8221; css=&#8221;.vc_custom_1668589207949{background: #5c5e46 url(https:\/\/daisyhomesalanya.com\/wp-content\/uploads\/2022\/06\/fon.jpg?id=7591) !important;}&#8221; el_class=&#8221;asking-row&#8221;][vc_column width=&#8221;1\/4&#8243;][vc_empty_space][\/vc_column][vc_column width=&#8221;3\/4&#8243;][vc_row_inner][vc_column_inner width=&#8221;1\/4&#8243;][\/vc_column_inner][vc_column_inner width=&#8221;1\/2&#8243;][vc_column_text]T\u00fcrkiye&#8217;de ev sat\u0131n alma prosed\u00fcr\u00fc hakk\u0131nda hala sorular\u0131n\u0131z m\u0131 var?<\/p>\n<p>\u0130leti\u015fim bilgilerinizi b\u0131rak\u0131n, y\u00f6neticimiz k\u0131sa s\u00fcre i\u00e7inde sizinle ileti\u015fime ge\u00e7ecektir.[\/vc_column_text][vc_btn title=&#8221;Dan\u0131\u015fmanl\u0131k Al\u0131n&#8221; style=&#8221;custom&#8221; custom_background=&#8221;#81d742&#8243; custom_text=&#8221;#ffffff&#8221; align=&#8221;center&#8221; el_class=&#8221;js-inquiry-toggle js-modal-callmeback&#8221;][\/vc_column_inner][vc_column_inner width=&#8221;1\/4&#8243;][\/vc_column_inner][\/vc_row_inner][\/vc_column][\/vc_row]<\/p>\n","protected":false},"excerpt":{"rendered":"<p>[vc_row full_width=&#8221;stretch_row_content_no_spaces&#8221;][vc_column][vc_empty_space height=&#8221;52px&#8221;][vc_custom_heading text=&#8221;T\u00dcRK\u0130YE&#8217;DE M\u00dcLK SATIN ALMA PROSED\u00dcR\u00dc&#8221; font_container=&#8221;tag:h1|text_align:center&#8221; google_fonts=&#8221;font_family:Ubuntu%3A300%2C300italic%2Cregular%2Citalic%2C500%2C500italic%2C700%2C700italic|font_style:400%20regular%3A400%3Anormal&#8221;][vc_empty_space height=&#8221;52px&#8221;][vc_row_inner css=&#8221;.vc_custom_1654155606352{margin-right: 30px !important;margin-left: 30px !important;}&#8221;][vc_column_inner width=&#8221;1\/2&#8243; css=&#8221;.vc_custom_1654155648058{padding-right: 50px !important;padding-left: 50px !important;}&#8221;][vc_column_text]Yurtd\u0131\u015f\u0131nda gayrimenkul edinimi, sat\u0131n alma sonucunun al\u0131c\u0131y\u0131 tam olarak tatmin etmesinin muhtemel olmad\u0131\u011f\u0131 bilgisi olmadan bir\u00e7ok n\u00fcansla ili\u015fkilidir. Gelecekteki mal sahibinin yaln\u0131zca do\u011fru konutu se\u00e7mesi de\u011fil, ayn\u0131 zamanda i\u015flemin t\u00fcm a\u015famalar\u0131n\u0131, belgelerin do\u011frulanmas\u0131 ve [&hellip;]<\/p>\n","protected":false},"author":5,"featured_media":0,"parent":0,"menu_order":0,"comment_status":"closed","ping_status":"closed","template":"","meta":{"inline_featured_image":false,"footnotes":""},"class_list":["post-7604","page","type-page","status-publish","hentry"],"_links":{"self":[{"href":"https:\/\/daisyhomesalanya.com\/tr\/wp-json\/wp\/v2\/pages\/7604","targetHints":{"allow":["GET"]}}],"collection":[{"href":"https:\/\/daisyhomesalanya.com\/tr\/wp-json\/wp\/v2\/pages"}],"about":[{"href":"https:\/\/daisyhomesalanya.com\/tr\/wp-json\/wp\/v2\/types\/page"}],"author":[{"embeddable":true,"href":"https:\/\/daisyhomesalanya.com\/tr\/wp-json\/wp\/v2\/users\/5"}],"replies":[{"embeddable":true,"href":"https:\/\/daisyhomesalanya.com\/tr\/wp-json\/wp\/v2\/comments?post=7604"}],"version-history":[{"count":73,"href":"https:\/\/daisyhomesalanya.com\/tr\/wp-json\/wp\/v2\/pages\/7604\/revisions"}],"predecessor-version":[{"id":18549,"href":"https:\/\/daisyhomesalanya.com\/tr\/wp-json\/wp\/v2\/pages\/7604\/revisions\/18549"}],"wp:attachment":[{"href":"https:\/\/daisyhomesalanya.com\/tr\/wp-json\/wp\/v2\/media?parent=7604"}],"curies":[{"name":"wp","href":"https:\/\/api.w.org\/{rel}","templated":true}]}}