{"id":1311,"date":"2021-04-27T07:28:07","date_gmt":"2021-04-27T07:28:07","guid":{"rendered":"https:\/\/daisyhomesalanya.com\/?page_id=1311"},"modified":"2022-11-15T11:39:59","modified_gmt":"2022-11-15T11:39:59","slug":"about-us","status":"publish","type":"page","link":"https:\/\/daisyhomesalanya.com\/tr\/about-us\/","title":{"rendered":"Hakk\u0131m\u0131zda"},"content":{"rendered":"<p>[vc_row css=&#8221;.vc_custom_1619509319604{margin-top: 30px !important;margin-bottom: 30px !important;}&#8221;][vc_column]<div class=\"hero cast-title title-smaller\">\u015e\u0130RKET\u0130M\u0130Z HAKKINDA<\/div>[vc_column_text]<strong>Daisy Homes Alanya burada!<\/strong><\/p>\n<p>Bug\u00fcn T\u00fcrkiye&#8217;da sat\u0131c\u0131lara, al\u0131c\u0131lara ve yat\u0131r\u0131mc\u0131lara sunulan emlak hizmetinde devrim yaratmaya haz\u0131r\u0131z.<\/p>\n<p>Yepyeni, yenilik\u00e7i platformumuz, ilgi alanlar\u0131n\u0131za en iyi \u015fekilde hizmet etmek i\u00e7in g\u00fc\u00e7l\u00fc sosyal medya varl\u0131\u011f\u0131m\u0131z ile geni\u015f ileti\u015fim a\u011f\u0131m\u0131z\u0131n bir kar\u0131\u015f\u0131m\u0131na dayanmaktad\u0131r. T\u00fcrkiye&#8217;da sat\u0131l\u0131k, kiral\u0131k veya yat\u0131r\u0131m ama\u00e7l\u0131 emlak ar\u0131yorsan\u0131z, Daisy Homes Alanya Emlak size yard\u0131mc\u0131 olmaya haz\u0131rd\u0131r. Ana felsefemiz, sekt\u00f6r\u00fcn eksik oldu\u011funu d\u00fc\u015f\u00fcnd\u00fc\u011f\u00fcm\u00fcz en \u00f6nemli \u00f6zelli\u011fi olan %100 d\u00fcr\u00fcstl\u00fck ve \u015feffafl\u0131\u011fa dayal\u0131 bir hizmet yaratmakt\u0131r.<\/p>\n<p>Daisy Homes Alanya Emlak olarak, \u00e7ok y\u00f6nl\u00fc ve \u00e7ok dilli bir \u015firket olmaktan gurur duyuyoruz. Bu nedenle hizmetlerimizi \u0130ngilizce, Rus\u00e7a, Fars\u00e7a, \u00d6zbek\u00e7e, Arap\u00e7a ve tabii ki T\u00fcrk\u00e7e olarak bulabilirsiniz.<\/p>\n<p>&nbsp;<\/p>\n<p>Bizimle \u00e7al\u0131\u015fma s\u00fcrecinin en ba\u015f\u0131ndan itibaren %100 \u015feffafl\u0131k ve d\u00fcr\u00fcstl\u00fck politikam\u0131zla gurur duyuyoruz. Bu, Alanya&#8217;da sat\u0131l\u0131k bir m\u00fclke bakt\u0131\u011f\u0131n\u0131zda asla talihsiz s\u00fcrprizlerle kar\u015f\u0131la\u015fmayaca\u011f\u0131n\u0131z ve m\u00fclk\u00fc g\u00f6rmeden \u00f6nce ihtiyac\u0131n\u0131z olan t\u00fcm bilgilere eri\u015febilece\u011finiz anlam\u0131na gelir. Yat\u0131r\u0131mc\u0131lar olarak zaman\u0131n\u0131z\u0131n nakit oldu\u011funu biliyoruz. Bu nedenle, her g\u00f6r\u00fcnt\u00fclemenin b\u00fcy\u00fck bir anla\u015fmay\u0131 kapatmaya yol a\u00e7mas\u0131n\u0131 sa\u011flamak i\u00e7in her t\u00fcrl\u00fc \u00e7abay\u0131 g\u00f6steriyoruz, b\u00f6ylece zaman\u0131n\u0131z ve sat\u0131c\u0131n\u0131n zaman\u0131 bo\u015fa gitmesin.<\/p>\n<p>&nbsp;<\/p>\n<p>&nbsp;<\/p>\n<p>Bir m\u00fclk sat\u0131n almak istiyorsan\u0131z, dost dan\u0131\u015fmanlar\u0131m\u0131z yolculu\u011fun her ad\u0131m\u0131nda yan\u0131n\u0131zda olacak. Gereksinimlerinizi dikkatlice dinleyece\u011fiz ve ard\u0131ndan size uygun olabilecek \u00f6zelliklerin bir listesini bulmak i\u00e7in arama yapaca\u011f\u0131z. Ziyaret etmeye haz\u0131r oldu\u011funuzda, her \u015feyi organize etmenize yard\u0131mc\u0131 olaca\u011f\u0131z ve se\u00e7ti\u011finiz alanlar\u0131 ve m\u00fclkleri size g\u00f6stermek i\u00e7in burada olaca\u011f\u0131z.<\/p>\n<p>Ba\u015fka \u015fekillerde de yard\u0131mc\u0131 olmak i\u00e7in orada olaca\u011f\u0131z &#8211; kurum i\u00e7i bir ipotek departman\u0131m\u0131z var ve \u00f6nerilen uzman ortaklar\u0131m\u0131z, t\u00fcm yasal ve finansal s\u00fcre\u00e7lerde size rehberlik edebilecek. Burada bitmiyor &#8211; m\u00fckemmel evi buldu\u011funuzda, wifi&#8217;nizi d\u00fczenlemekten mobilya tedarik etmeye ve kontrol etmeye kadar her konuda yard\u0131mc\u0131 olabilecek harika sat\u0131\u015f sonras\u0131 ekibimizle anahtarlar elinize ge\u00e7tikten sonra bile devam ediyoruz. tam bir kiralama y\u00f6netimi hizmetine g\u00f6nderin.<\/p>\n<p>Satacak bir m\u00fclk\u00fcn\u00fcz varsa, ba\u015fka yere bakman\u0131za gerek yok! Dan\u0131\u015fmanlar\u0131m\u0131z evinizi ziyaret edecek, size adil bir de\u011fer bi\u00e7ecek ve ard\u0131ndan evinizi pazarlamak ve umar\u0131m satmak i\u00e7in i\u015fe koyulaca\u011f\u0131z.<\/p>\n<p>Biz bir aile \u015firketiyiz ve burada \u00e7al\u0131\u015fan \u00e7o\u011fumuz bu yurtd\u0131\u015f\u0131 sat\u0131n alma ve ta\u015f\u0131nma yolculu\u011funa \u00e7oktan ba\u015flad\u0131k. Bu nedenle, s\u00fcrecin bazen g\u00f6z korkutucu g\u00f6r\u00fcnebilece\u011fini anl\u0131yoruz, ancak Alanya&#8217;y\u0131 seviyoruz ve ayn\u0131 ad\u0131mlar\u0131 atman\u0131za ve bu hayali ger\u00e7ekle\u015ftirmenize yard\u0131mc\u0131 olmak i\u00e7in buraday\u0131z. Herhangi bir sorunuz varsa, bize bir sat\u0131r b\u0131rak\u0131n veya bizi aray\u0131n, bunun i\u00e7in buraday\u0131z!<\/p>\n<p>&nbsp;<\/p>\n<p>&nbsp;<\/p>\n<p>Yak\u0131nda g\u00fcne\u015fli Alanya&#8217;da bulu\u015fmak i\u00e7in sab\u0131rs\u0131zlan\u0131yoruz![\/vc_column_text][\/vc_column][\/vc_row][vc_row full_width=&#8221;stretch_row&#8221; css=&#8221;.vc_custom_1619512263132{padding-bottom: 40px !important;background-color: #ffffff !important;}&#8221;][vc_column]<div class=\"hero cast-title title-smaller\">Meet the team!<\/div>        <style>\n        .the-agent-thumbnail img {\n                object-fit: contain;\n               background: #fff;\n        }\n        .the-agent-inner {\n            border:1px #ccc solid;\n        }\n        .the-agent-content {\n                min-height: 245px;\n        }\n\n        <\/style>\n        <div class=\"row agents-list agent-dark\">\n                        <div class=\"the-agent col-md-3\">\n                <div class=\"the-agent-inner\">\n                    <div class=\"the-agent-thumbnail\">\n                                            <\/div>\n\n                    <div class=\"the-agent-content\">\n                        <h4>Hasan \u00c7i\u00e7ek<\/h4>\n\n                                                    <div class=\"agent-languages\">\n                                                        <\/div>\n                        \n                                                    <div class=\"agent-additional-fields\">\n                                <div class=\"agent-position\"><\/div>\n                            <\/div>\n                        \n                        \n                        <div class=\"agent-contact\">\n                                                        <div><i class=\"fas fa-envelope\"><\/i><a href=\"#\"><\/a><\/div>\n                                                    <\/div>\n\n                                                <div class=\"agent-social\">\n                            <ul class=\"agent-social-link\">\n                                                            <\/ul>\n                        <\/div>\n                                            <\/div>\n                <\/div>\n            <\/div>\n                    <\/div>\n        [\/vc_column][\/vc_row]<\/p>\n","protected":false},"excerpt":{"rendered":"<p>[vc_row css=&#8221;.vc_custom_1619509319604{margin-top: 30px !important;margin-bottom: 30px !important;}&#8221;][vc_column][vc_column_text]Daisy Homes Alanya burada! Bug\u00fcn T\u00fcrkiye&#8217;da sat\u0131c\u0131lara, al\u0131c\u0131lara ve yat\u0131r\u0131mc\u0131lara sunulan emlak hizmetinde devrim yaratmaya haz\u0131r\u0131z. Yepyeni, yenilik\u00e7i platformumuz, ilgi alanlar\u0131n\u0131za en iyi \u015fekilde hizmet etmek i\u00e7in g\u00fc\u00e7l\u00fc sosyal medya varl\u0131\u011f\u0131m\u0131z ile geni\u015f ileti\u015fim a\u011f\u0131m\u0131z\u0131n bir kar\u0131\u015f\u0131m\u0131na dayanmaktad\u0131r. T\u00fcrkiye&#8217;da sat\u0131l\u0131k, kiral\u0131k veya yat\u0131r\u0131m ama\u00e7l\u0131 emlak ar\u0131yorsan\u0131z, Daisy Homes Alanya Emlak [&hellip;]<\/p>\n","protected":false},"author":1,"featured_media":0,"parent":0,"menu_order":0,"comment_status":"closed","ping_status":"closed","template":"","meta":{"inline_featured_image":false,"footnotes":""},"class_list":["post-1311","page","type-page","status-publish","hentry"],"_links":{"self":[{"href":"https:\/\/daisyhomesalanya.com\/tr\/wp-json\/wp\/v2\/pages\/1311","targetHints":{"allow":["GET"]}}],"collection":[{"href":"https:\/\/daisyhomesalanya.com\/tr\/wp-json\/wp\/v2\/pages"}],"about":[{"href":"https:\/\/daisyhomesalanya.com\/tr\/wp-json\/wp\/v2\/types\/page"}],"author":[{"embeddable":true,"href":"https:\/\/daisyhomesalanya.com\/tr\/wp-json\/wp\/v2\/users\/1"}],"replies":[{"embeddable":true,"href":"https:\/\/daisyhomesalanya.com\/tr\/wp-json\/wp\/v2\/comments?post=1311"}],"version-history":[{"count":11,"href":"https:\/\/daisyhomesalanya.com\/tr\/wp-json\/wp\/v2\/pages\/1311\/revisions"}],"predecessor-version":[{"id":18034,"href":"https:\/\/daisyhomesalanya.com\/tr\/wp-json\/wp\/v2\/pages\/1311\/revisions\/18034"}],"wp:attachment":[{"href":"https:\/\/daisyhomesalanya.com\/tr\/wp-json\/wp\/v2\/media?parent=1311"}],"curies":[{"name":"wp","href":"https:\/\/api.w.org\/{rel}","templated":true}]}}