{"id":246,"date":"2021-03-07T14:04:49","date_gmt":"2021-03-07T14:04:49","guid":{"rendered":"https:\/\/daisyhomesalanya.com\/?page_id=246"},"modified":"2023-02-23T14:45:14","modified_gmt":"2023-02-23T14:45:14","slug":"contact","status":"publish","type":"page","link":"https:\/\/daisyhomesalanya.com\/ru\/contact\/","title":{"rendered":"\u041a\u043e\u043d\u0442\u0430\u043a\u0442\u044b"},"content":{"rendered":"<p>[vc_row full_width=&#187;stretch_row_content_no_spaces&#187;][vc_column][vc_gmaps link=&#187;#E-8_JTNDaWZyYW1lJTIwc3JjJTNEJTIyaHR0cHMlM0ElMkYlMkZ3d3cuZ29vZ2xlLmNvbSUyRm1hcHMlMkZlbWJlZCUzRnBiJTNEJTIxMW0xNCUyMTFtOCUyMTFtMyUyMTFkMTI4MjAuMjc3MTk0NzY3NTglMjEyZDMyLjAxNDEyNTQlMjEzZDM2LjU1MjQ0MiUyMTNtMiUyMTFpMTAyNCUyMTJpNzY4JTIxNGYxMy4xJTIxM20zJTIxMW0yJTIxMXMweDE0ZGM5OTdjNmYxYzk3YzclMjUzQTB4MThmMTBlZjEwYmZhMzdmMyUyMTJzRGFpc3klMjUyMEhvbWVzJTI1MjBBbGFueWElMjE1ZTAlMjEzbTIlMjExc3RyJTIxMnN0ciUyMTR2MTY2NzkwMDE4NDc1NyUyMTVtMiUyMTFzdHIlMjEyc3RyJTIyJTIwd2lkdGglM0QlMjI2MDAlMjIlMjBoZWlnaHQlM0QlMjI0NTAlMjIlMjBzdHlsZSUzRCUyMmJvcmRlciUzQTAlM0IlMjIlMjBhbGxvd2Z1bGxzY3JlZW4lM0QlMjIlMjIlMjBsb2FkaW5nJTNEJTIybGF6eSUyMiUyMHJlZmVycmVycG9saWN5JTNEJTIybm8tcmVmZXJyZXItd2hlbi1kb3duZ3JhZGUlMjIlM0UlM0MlMkZpZnJhbWUlM0U=&#187; css=&#187;.vc_custom_1667901159461{margin-bottom: 0px !important;}&#187;][\/vc_column][\/vc_row][vc_row full_width=&#187;stretch_row&#187; css=&#187;.vc_custom_1619367010491{margin-bottom: 20px !important;border-top-width: 3px !important;border-top-color: #78859f !important;border-top-style: solid !important;}&#187;][vc_column]<div class=\"hero cast-title\">\u041a\u043e\u043d\u0442\u0430\u043a\u0442\u043d\u0430\u044f \u0438\u043d\u0444\u043e\u0440\u043c\u0430\u0446\u0438\u044f<\/div>[\/vc_column][\/vc_row][vc_row equal_height=&#187;yes&#187; css=&#187;.vc_custom_1619367632910{margin-bottom: 60px !important;}&#187;][vc_column width=&#187;5\/12&#8243;][vc_column_text]<strong>Daisy Homes Alanya<\/strong><br \/>\nB\u00fcy\u00fckhasbah\u00e7e Mah. B\u00fcy\u00fckhasbah\u00e7e cad. no:47 K:2 D:7\u00a0 Alanya \/ Antalya<br \/>\n07450<\/p>\n<ul class=\"fa-ul\">\n<li><a href=\"https:\/\/wa.me\/+905523529496\" target=\"_blank\" rel=\"noopener\">+90 552 352 94 96<\/a><\/li>\n<li><i class=\"fa-li fas fa-envelope\"><\/i><a href=\"mailto:info@daisyhomesalanya.com\">info@daisyhomesalanya.com<\/a><\/li>\n<\/ul>\n<p>[\/vc_column_text]<div class=\"hero h4\">\u0424\u043e\u0440\u043c\u0430 \u043e\u0431\u0440\u0430\u0442\u043d\u043e\u0439 \u0441\u0432\u044f\u0437\u0438<\/div>\n<div class=\"wpcf7 no-js\" id=\"wpcf7-f1299-o1\" lang=\"en-US\" dir=\"ltr\" data-wpcf7-id=\"1299\">\n<div class=\"screen-reader-response\"><p role=\"status\" aria-live=\"polite\" aria-atomic=\"true\"><\/p> <ul><\/ul><\/div>\n<form action=\"\/ru\/wp-json\/wp\/v2\/pages\/246#wpcf7-f1299-o1\" method=\"post\" class=\"wpcf7-form init\" aria-label=\"Contact form\" novalidate=\"novalidate\" data-status=\"init\">\n<fieldset class=\"hidden-fields-container\"><input type=\"hidden\" name=\"_wpcf7\" value=\"1299\" \/><input type=\"hidden\" name=\"_wpcf7_version\" value=\"6.1.5\" \/><input type=\"hidden\" name=\"_wpcf7_locale\" value=\"en_US\" \/><input type=\"hidden\" name=\"_wpcf7_unit_tag\" value=\"wpcf7-f1299-o1\" \/><input type=\"hidden\" name=\"_wpcf7_container_post\" value=\"0\" \/><input type=\"hidden\" name=\"_wpcf7_posted_data_hash\" value=\"\" \/><input type=\"hidden\" name=\"_wpcf7_recaptcha_response\" value=\"\" \/>\n<\/fieldset>\n<div class=\"nth-cf7\">\n\t<p><span class=\"wpcf7-form-control-wrap\" data-name=\"your-name\"><input size=\"40\" maxlength=\"400\" class=\"wpcf7-form-control wpcf7-text wpcf7-validates-as-required name\" aria-required=\"true\" aria-invalid=\"false\" placeholder=\"Name*\" value=\"\" type=\"text\" name=\"your-name\" \/><\/span><br \/>\n<span class=\"wpcf7-form-control-wrap\" data-name=\"your-email\"><input size=\"40\" maxlength=\"400\" class=\"wpcf7-form-control wpcf7-email wpcf7-validates-as-required wpcf7-text wpcf7-validates-as-email email\" aria-required=\"true\" aria-invalid=\"false\" placeholder=\"E-Mail*\" value=\"\" type=\"email\" name=\"your-email\" \/><\/span><br \/>\n<span class=\"wpcf7-form-control-wrap\" data-name=\"your-subject\"><input size=\"40\" maxlength=\"400\" class=\"wpcf7-form-control wpcf7-text wpcf7-validates-as-required name\" aria-required=\"true\" aria-invalid=\"false\" placeholder=\"Subject*\" value=\"\" type=\"text\" name=\"your-subject\" \/><\/span><br \/>\n<span class=\"wpcf7-form-control-wrap\" data-name=\"your-message\"><textarea cols=\"40\" rows=\"3\" maxlength=\"2000\" class=\"wpcf7-form-control wpcf7-textarea no-resize\" aria-invalid=\"false\" placeholder=\"Your Message\" name=\"your-message\"><\/textarea><\/span>\n\t<\/p>\n<\/div>\n<p><input class=\"wpcf7-form-control wpcf7-submit has-spinner btn btn-outline-success\" type=\"submit\" value=\"Send\" \/>\n<\/p><div class=\"wpcf7-response-output\" aria-hidden=\"true\"><\/div>\n<\/form>\n<\/div>\n<div class=\"social-media sc-social mt-4\"><ul class=\"dark\"><li class=\"\"><a href=\"\" target=\"_blank\" title=\"\" data-toggle=\"tooltip\"><i class=\"\"><\/i><\/a><\/li><\/ul><\/div>[\/vc_column][vc_column width=&#187;7\/12&#8243; css=&#187;.vc_custom_1619367220052{background-color: #f4f4f4 !important;}&#187;]<div class=\"hero h4\">\u041d\u0430\u0448\u0430 \u043a\u043e\u043c\u0430\u043d\u0434\u0430<\/div>[vc_column_text][\/vc_column_text]        <style>\n        .the-agent-thumbnail img {\n                object-fit: contain;\n\n        }\n\n        <\/style>\n        <div class=\"agents-carousel js-agents-carousel\" data-slick='{\"slidesToShow\": 3, \"slidesToScroll\": 2, \"autoplay\": true, \"dots\": true, \"arrows\": false}'>\n                        <div class=\"the-agent\">\n                <div class=\"the-agent-thumbnail\">\n                                    <\/div>\n                <div class=\"the-agent-content\">\n                    <h4>Hasan \u00c7i\u00e7ek<\/h4>\n\n                                            <div class=\"agent-languages\">\n                                                <\/div>\n                    \n                                            <div class=\"agent-additional-fields\">\n                            <div class=\"agent-position\"><\/div>\n                        <\/div>\n                    \n                    \n                    <div class=\"agent-contact\">\n                                                <div><i class=\"fas fa-envelope\"><\/i><a href=\"#\"><\/a><\/div>\n                                            <\/div>\n\n                                        <div class=\"agent-social\">\n                        <ul class=\"agent-social-link\">\n                                                    <\/ul>\n                    <\/div>\n                                    <\/div>\n            <\/div>\n                    <\/div>\n        [\/vc_column][\/vc_row]<\/p>\n","protected":false},"excerpt":{"rendered":"<p>[vc_row full_width=&#187;stretch_row_content_no_spaces&#187;][vc_column][vc_gmaps link=&#187;#E-8_JTNDaWZyYW1lJTIwc3JjJTNEJTIyaHR0cHMlM0ElMkYlMkZ3d3cuZ29vZ2xlLmNvbSUyRm1hcHMlMkZlbWJlZCUzRnBiJTNEJTIxMW0xNCUyMTFtOCUyMTFtMyUyMTFkMTI4MjAuMjc3MTk0NzY3NTglMjEyZDMyLjAxNDEyNTQlMjEzZDM2LjU1MjQ0MiUyMTNtMiUyMTFpMTAyNCUyMTJpNzY4JTIxNGYxMy4xJTIxM20zJTIxMW0yJTIxMXMweDE0ZGM5OTdjNmYxYzk3YzclMjUzQTB4MThmMTBlZjEwYmZhMzdmMyUyMTJzRGFpc3klMjUyMEhvbWVzJTI1MjBBbGFueWElMjE1ZTAlMjEzbTIlMjExc3RyJTIxMnN0ciUyMTR2MTY2NzkwMDE4NDc1NyUyMTVtMiUyMTFzdHIlMjEyc3RyJTIyJTIwd2lkdGglM0QlMjI2MDAlMjIlMjBoZWlnaHQlM0QlMjI0NTAlMjIlMjBzdHlsZSUzRCUyMmJvcmRlciUzQTAlM0IlMjIlMjBhbGxvd2Z1bGxzY3JlZW4lM0QlMjIlMjIlMjBsb2FkaW5nJTNEJTIybGF6eSUyMiUyMHJlZmVycmVycG9saWN5JTNEJTIybm8tcmVmZXJyZXItd2hlbi1kb3duZ3JhZGUlMjIlM0UlM0MlMkZpZnJhbWUlM0U=&#187; css=&#187;.vc_custom_1667901159461{margin-bottom: 0px !important;}&#187;][\/vc_column][\/vc_row][vc_row full_width=&#187;stretch_row&#187; css=&#187;.vc_custom_1619367010491{margin-bottom: 20px !important;border-top-width: 3px !important;border-top-color: #78859f !important;border-top-style: solid !important;}&#187;][vc_column][\/vc_column][\/vc_row][vc_row equal_height=&#187;yes&#187; css=&#187;.vc_custom_1619367632910{margin-bottom: 60px !important;}&#187;][vc_column width=&#187;5\/12&#8243;][vc_column_text]Daisy Homes Alanya B\u00fcy\u00fckhasbah\u00e7e Mah. B\u00fcy\u00fckhasbah\u00e7e cad. no:47 K:2 D:7\u00a0 Alanya \/ Antalya 07450 +90 552 352 94 96 info@daisyhomesalanya.com [\/vc_column_text][\/vc_column][vc_column width=&#187;7\/12&#8243; css=&#187;.vc_custom_1619367220052{background-color: #f4f4f4 !important;}&#187;][vc_column_text][\/vc_column_text][\/vc_column][\/vc_row]<\/p>\n","protected":false},"author":1,"featured_media":0,"parent":0,"menu_order":0,"comment_status":"closed","ping_status":"closed","template":"","meta":{"inline_featured_image":false,"footnotes":""},"class_list":["post-246","page","type-page","status-publish","hentry"],"_links":{"self":[{"href":"https:\/\/daisyhomesalanya.com\/ru\/wp-json\/wp\/v2\/pages\/246","targetHints":{"allow":["GET"]}}],"collection":[{"href":"https:\/\/daisyhomesalanya.com\/ru\/wp-json\/wp\/v2\/pages"}],"about":[{"href":"https:\/\/daisyhomesalanya.com\/ru\/wp-json\/wp\/v2\/types\/page"}],"author":[{"embeddable":true,"href":"https:\/\/daisyhomesalanya.com\/ru\/wp-json\/wp\/v2\/users\/1"}],"replies":[{"embeddable":true,"href":"https:\/\/daisyhomesalanya.com\/ru\/wp-json\/wp\/v2\/comments?post=246"}],"version-history":[{"count":14,"href":"https:\/\/daisyhomesalanya.com\/ru\/wp-json\/wp\/v2\/pages\/246\/revisions"}],"predecessor-version":[{"id":21759,"href":"https:\/\/daisyhomesalanya.com\/ru\/wp-json\/wp\/v2\/pages\/246\/revisions\/21759"}],"wp:attachment":[{"href":"https:\/\/daisyhomesalanya.com\/ru\/wp-json\/wp\/v2\/media?parent=246"}],"curies":[{"name":"wp","href":"https:\/\/api.w.org\/{rel}","templated":true}]}}